{"id":4590,"date":"2016-11-07T17:17:16","date_gmt":"2016-11-07T22:17:16","guid":{"rendered":"https:\/\/fonds-risq.qc.ca\/formation\/"},"modified":"2023-06-20T13:50:50","modified_gmt":"2023-06-20T17:50:50","slug":"training","status":"publish","type":"page","link":"https:\/\/fonds-risq.qc.ca\/en\/guide-and-training\/training\/","title":{"rendered":"Training"},"content":{"rendered":"<section class=\"l-section wpb_row height_medium color_secondary with_img\"><div class=\"l-section-img\" role=\"img\" aria-label=\"Image\" data-img-width=\"1920\" data-img-height=\"1281\" style=\"background-image: url(https:\/\/fonds-risq.qc.ca\/wp-content\/uploads\/2016\/11\/Bilan.jpg);background-position: ;background-repeat: ;\"><\/div><div class=\"l-section-h i-cf\"><div class=\"g-cols vc_row via_flex valign_middle type_default stacking_default\"><div class=\"vc_col-sm-12 wpb_column vc_column_container\"><div class=\"vc_column-inner\"><div class=\"wpb_wrapper\"><h1 class=\"w-post-elm post_title us_custom_064d9100 align_center entry-title color_link_inherit\">Training<\/h1><\/div><\/div><\/div><\/div><\/div><\/section><section class=\"l-section wpb_row height_auto width_full\"><div class=\"l-section-h i-cf\"><div class=\"g-cols vc_row via_flex valign_middle type_default stacking_default\"><div class=\"vc_col-sm-6 wpb_column vc_column_container has_text_color has_bg_color\"><div class=\"vc_column-inner us_custom_eb2c3c74\"><div class=\"wpb_wrapper\"><div class=\"w-separator size_custom\" style=\"height:300px\"><\/div><\/div><\/div><\/div><div class=\"vc_col-sm-6 wpb_column vc_column_container\"><div class=\"vc_column-inner us_custom_9abdb867\"><div class=\"wpb_wrapper\"><div class=\"wpb_text_column\"><div class=\"wpb_wrapper\"><p><span style=\"font-size: 14pt;\"><em>Available in French only<\/em><\/span><\/p>\n<h3><strong>Training on the guide for analysis of social economy enterprises<\/strong><\/h3>\n<h4><strong>From theory to practice . . .<\/strong><\/h4>\n<p><strong>An analytical method developed by experts in Qu\u00e9bec solidarity finance.<\/strong><\/p>\n<\/div><\/div><div class=\"wpb_text_column\"><div class=\"wpb_wrapper\"><h2>APPROACH<\/h2>\n<\/div><\/div><div class=\"wpb_text_column\"><div class=\"wpb_wrapper\"><p>Based on the notions contained in the <em>Guide for Analysis of Social Economy Enterprises<\/em>, this training session will enable you to <strong>conduct a more thorough evaluation of the distinctive aspects of a collective enterprise<\/strong>.<\/p>\n<p>Its <strong>practical content<\/strong> and <strong>realistic and practical exercises and tools<\/strong> will help you easily incorporate the theory into your work, so you can comprehend and analyze enterprises, make informed financing decisions, and perform the appropriate enterprise follow-up.<\/p>\n<\/div><\/div><\/div><\/div><\/div><\/div><\/div><\/section><section class=\"l-section wpb_row height_medium\"><div class=\"l-section-overlay\" style=\"background:#00607d\"><\/div><div class=\"l-section-h i-cf\"><div class=\"g-cols vc_row via_flex valign_top type_default stacking_default\"><div class=\"vc_col-sm-12 wpb_column vc_column_container has_text_color\"><div class=\"vc_column-inner us_custom_6df4bc3a\"><div class=\"wpb_wrapper\"><div class=\"wpb_text_column\"><div class=\"wpb_wrapper\"><h2><strong>WHO IS THE TRAINING FOR?<\/strong><\/h2>\n<\/div><\/div><div class=\"wpb_text_column\"><div class=\"wpb_wrapper\"><p>Financial analysts, advisors, managers, directors, financial stakeholders, and any other actor involved in the networks developing the social economy.<\/p>\n<\/div><\/div><\/div><\/div><\/div><\/div><\/div><\/section><section class=\"l-section wpb_row us_custom_5fb9c346 fix-bg height_medium\"><div class=\"l-section-h i-cf\"><div class=\"g-cols vc_row via_flex valign_top type_default stacking_default\"><div class=\"vc_col-sm-12 wpb_column vc_column_container has_text_color\"><div class=\"vc_column-inner us_custom_6df4bc3a\"><div class=\"wpb_wrapper\"><div class=\"wpb_text_column\"><div class=\"wpb_wrapper\"><h3><strong>CONTENTS<\/strong><\/h3>\n<\/div><\/div><div class=\"wpb_text_column\"><div class=\"wpb_wrapper\"><p>Overview of the social, financial, operational, and economic aspects that distinguish collective enterprises.<\/p>\n<ul>\n<li><strong>Portrait of Qu\u00e9bec\u2019s social economy<\/strong>: Actors, concepts, and enterprise characteristics, major financing actors.<\/li>\n<li><strong>Analysis of social\u00a0economy\u00a0enterprises<\/strong>: Association component (mission, social benefit, governance, territorial and sectoral rootedness) and business component (market, operations, management and human resources, sustainable development)<\/li>\n<li><strong>Financial analysis and financing proposal<\/strong>: Accounting features, financing structure, forecasts, analytical methods, and adjustments of financial statements<\/li>\n<li><strong>The investment\u00a0decision<\/strong>: Project evaluation, report and analysis, recommendation, and financing conditions.<\/li>\n<\/ul>\n<\/div><\/div><\/div><\/div><\/div><\/div><\/div><\/section><!-- Row Backgrounds --><div class=\"upb_grad\" data-grad=\"background: -webkit-gradient(linear, left top, left bottom, color-stop(0%, #0096C8), color-stop(100%, #B7C634));background: -moz-linear-gradient(-45deg,#0096C8 0%,#B7C634 100%);background: -webkit-linear-gradient(-45deg,#0096C8 0%,#B7C634 100%);background: -o-linear-gradient(-45deg,#0096C8 0%,#B7C634 100%);background: -ms-linear-gradient(-45deg,#0096C8 0%,#B7C634 100%);background: linear-gradient(-45deg,#0096C8 0%,#B7C634 100%);\" data-bg-override=\"0\" data-upb-overlay-color=\"\" data-upb-bg-animation=\"\" data-fadeout=\"\" data-fadeout-percentage=\"30\" data-parallax-content=\"\" data-parallax-content-sense=\"30\" data-row-effect-mobile-disable=\"true\" data-img-parallax-mobile-disable=\"true\" data-rtl=\"false\"  data-custom-vc-row=\"\"  data-vc=\"8.7.2\"  data-is_old_vc=\"\"  data-theme-support=\"\"   data-overlay=\"false\" data-overlay-color=\"\" data-overlay-pattern=\"\" data-overlay-pattern-opacity=\"\" data-overlay-pattern-size=\"\"    ><\/div><section class=\"l-section wpb_row height_auto\"><div class=\"l-section-overlay\" style=\"background:#f1f1f1\"><\/div><div class=\"l-section-h i-cf\"><div class=\"g-cols vc_row via_flex valign_top type_default stacking_default\"><div class=\"vc_col-sm-12 wpb_column vc_column_container\"><div class=\"vc_column-inner\"><div class=\"wpb_wrapper\"><div class=\"g-cols wpb_row via_flex valign_middle type_default stacking_default\"><div class=\"vc_col-sm-12 wpb_column vc_column_container has_text_color\"><div class=\"vc_column-inner us_custom_6df4bc3a\"><div class=\"wpb_wrapper\"><div class=\"w-separator size_custom\" style=\"height:32px\"><\/div><\/div><\/div><\/div><\/div><\/div><\/div><\/div><\/div><\/div><\/section><section class=\"l-section wpb_row height_medium\"><div class=\"l-section-h i-cf\"><div class=\"g-cols vc_row via_flex valign_top type_default stacking_default\"><div class=\"vc_col-sm-3 wpb_column vc_column_container\"><div class=\"vc_column-inner\"><div class=\"wpb_wrapper\"><div class=\"w-image align_none\"><div class=\"w-image-h\"><img decoding=\"async\" width=\"640\" height=\"953\" src=\"https:\/\/fonds-risq.qc.ca\/wp-content\/uploads\/2016\/11\/Pierre-Charrette-Credit-Me\u0301lanie-Dusseault.jpg\" class=\"attachment-us_img_size_1 size-us_img_size_1\" alt=\"\" loading=\"lazy\" srcset=\"https:\/\/fonds-risq.qc.ca\/wp-content\/uploads\/2016\/11\/Pierre-Charrette-Credit-Me\u0301lanie-Dusseault.jpg 640w, https:\/\/fonds-risq.qc.ca\/wp-content\/uploads\/2016\/11\/Pierre-Charrette-Credit-Me\u0301lanie-Dusseault-600x893.jpg 600w\" sizes=\"auto, (max-width: 640px) 100vw, 640px\" \/><\/div><\/div><div class=\"wpb_text_column\"><div class=\"wpb_wrapper\"><p>Photo : <a href=\"http:\/\/Melaniedusseault.com\" target=\"_blank\" rel=\"noopener noreferrer\">Melaniedusseault.com<\/a><\/p>\n<\/div><\/div><\/div><\/div><\/div><div class=\"vc_col-sm-9 wpb_column vc_column_container\"><div class=\"vc_column-inner\"><div class=\"wpb_wrapper\"><div class=\"wpb_text_column\"><div class=\"wpb_wrapper\"><h3><strong>TRAINER<\/strong><\/h3>\n<\/div><\/div><div class=\"wpb_text_column\"><div class=\"wpb_wrapper\"><p><strong>Pierre Charette<\/strong><\/p>\n<p>Holder of an MBA with a specialization in collective enterprises, Pierre Charette is a financial analyst at RISQ and co-author of the 2<sup>nd<\/sup> edition of the <em>Guide d\u2019analyse des enterprises d\u2019\u00e9conomie sociale<\/em> [<em>Guide for Analysis of Social Economy Enterprises<\/em>]<\/p>\n<p>In his 25 years of work in the social economy, he has acquired vast expertise and is recognized as an authority in the field.<\/p>\n<p>Over the years, he has coordinated the startup and development of a work cooperative, acted as a management consultant, lectured at Universit\u00e9 de Sherbrooke, Universit\u00e9 du Qu\u00e9bec \u00e0 l\u2019Outaouais, and Universit\u00e9 du Qu\u00e9bec \u00e0 Montr\u00e9al, and served as a consultant and financing advisor, to say nothing of his numerous positions on the boards of diverse social economy organizations.<\/p>\n<\/div><\/div><\/div><\/div><\/div><\/div><\/div><\/section><section class=\"l-section wpb_row height_auto\"><div class=\"l-section-h i-cf\"><div class=\"g-cols vc_row via_flex valign_top type_default stacking_default\"><div class=\"vc_col-sm-12 wpb_column vc_column_container\"><div class=\"vc_column-inner\"><div class=\"wpb_wrapper\"><div class=\"w-separator size_custom\" style=\"height:32px\"><\/div><div class=\"wpb_text_column\"><div class=\"wpb_wrapper\"><h3 style=\"text-align: center;\"><strong>RESERVATION<\/strong><\/h3>\n<\/div><\/div><div class=\"w-separator size_custom\" style=\"height:16px\"><\/div><div class=\"g-cols wpb_row via_flex valign_middle type_default stacking_default\"><div class=\"vc_col-sm-12 wpb_column vc_column_container has_text_color has_bg_color\"><div class=\"vc_column-inner us_custom_b1b86d40\"><div class=\"wpb_wrapper\"><div class=\"wpb_text_column\"><div class=\"wpb_wrapper\"><p><strong><br \/>\n<span style=\"color: #ffffff;\">INDIVIDUAL<\/span><\/strong><\/p>\n<p><em>Available in French only<\/em><\/p>\n<p><span style=\"color: #ffffff;\">Looking to learn more? We organize virtual workshops for individuals interested in gaining more in-depth knowledge.<\/span><\/p>\n<p><strong><span style=\"color: #ffffff;\">Upcoming training sessions<\/span><\/strong><\/p>\n<p><em><strong>19 et 26 octobre 2023<\/strong><\/em><\/p>\n<p>Part I:<br \/>\no Preparatory activities: October 12 to 18, 2023 (allow 3 hours)<br \/>\no Virtual meeting on Thursday, October 19, 2023 from 1:30 to 4:30 p.m.<\/p>\n<p>Second part:<br \/>\no Preparatory activities: October 19 to 25, 2023 (3 hours)<br \/>\no Virtual meeting: Thursday, October 26, 2023 from 1:30 to 4:30 p.m.<\/p>\n<p>Application deadline: October 11, 2023<\/p>\n<p>Inscription : https:\/\/fonds-risq.qc.ca\/produit\/atelier-de-formation-en-ligne-19-et-26-octobre-2023-analyse-des-entreprises-deconomie-sociale\/<\/p>\n<p><span style=\"color: #ffffff;\">risq@fonds-risq.qc.ca | 514-866-2355 extension 200<\/span><\/p>\n<p><span style=\"color: #ffffff;\"><strong>Price?<\/strong><\/span><\/p>\n<p><span style=\"color: #ffffff;\">$160 plus tax \/ person<\/span><\/p>\n<p><span style=\"color: #ffffff;\"><strong>Number?<\/strong><\/span><\/p>\n<p><span style=\"color: #ffffff;\">Limited space: 12 participants<\/span><\/p>\n<p><span style=\"color: #ffffff;\"><strong>Includes<\/strong><\/span><\/p>\n<p><span style=\"color: #ffffff;\">Documentation and educational support related to the training session<\/span><\/p>\n<p>ADDITIONAL<\/p>\n<p>Participants must first acquire a copy of the <a href=\"https:\/\/fonds-risq.qc.ca\/en\/guide-and-training\/guide-for-analysis-of-social-economy-enterprises\/\" target=\"_blank\" rel=\"noopener\">Guide d&#8217;analyse des entreprises d&#8217;\u00e9conomie sociale<\/a>.<\/p>\n<\/div><\/div><\/div><\/div><\/div><\/div><\/div><\/div><\/div><\/div><\/div><\/section><section class=\"l-section wpb_row height_medium\"><div class=\"l-section-overlay\" style=\"background:#f1f1f1\"><\/div><div class=\"l-section-h i-cf\"><div class=\"g-cols vc_row via_flex valign_top type_default stacking_default\"><div class=\"vc_col-sm-12 wpb_column vc_column_container\"><div class=\"vc_column-inner\"><div class=\"wpb_wrapper\"><div class=\"wpb_text_column\"><div class=\"wpb_wrapper\"><h4><strong>Sign me up !<\/strong><\/h4>\n<\/div><\/div><div class=\"wpb_text_column\"><div class=\"wpb_wrapper\"><p><strong>For more info, contact:<br \/>\n<\/strong><\/p>\n<p><a href=\"mailto:risq@fonds-risq.qc.ca\">risq@fonds-risq.qc.ca<\/a><br \/>\n514 866-2355 extension 200<\/p>\n<\/div><\/div><\/div><\/div><\/div><\/div><\/div><\/section>\n","protected":false},"excerpt":{"rendered":"TrainingAvailable in French only Training on the guide for analysis of social economy enterprises From theory to practice . . . An analytical method developed by experts in Qu\u00e9bec solidarity finance. APPROACH Based on the notions contained in the Guide for Analysis of Social Economy Enterprises, this training session will enable you to conduct a...","protected":false},"author":2,"featured_media":0,"parent":4678,"menu_order":0,"comment_status":"closed","ping_status":"closed","template":"","meta":{"inline_featured_image":false,"footnotes":""},"class_list":["post-4590","page","type-page","status-publish","hentry"],"yoast_head":"<!-- This site is optimized with the Yoast SEO plugin v27.3 - https:\/\/yoast.com\/product\/yoast-seo-wordpress\/ -->\n<title>Training - Fonds RISQ<\/title>\n<meta name=\"robots\" content=\"index, follow, max-snippet:-1, max-image-preview:large, max-video-preview:-1\" \/>\n<link rel=\"canonical\" href=\"https:\/\/fonds-risq.qc.ca\/en\/guide-and-training\/training\/\" \/>\n<meta property=\"og:locale\" content=\"en_US\" \/>\n<meta property=\"og:type\" content=\"article\" \/>\n<meta property=\"og:title\" content=\"Training - Fonds RISQ\" \/>\n<meta property=\"og:url\" content=\"https:\/\/fonds-risq.qc.ca\/en\/guide-and-training\/training\/\" \/>\n<meta property=\"og:site_name\" content=\"Fonds RISQ\" \/>\n<meta property=\"article:publisher\" content=\"https:\/\/www.facebook.com\/R%c3%a9seau-dinvestissement-social-du-Qu%c3%a9bec-1025562200821724\/?fref=ts\" \/>\n<meta property=\"article:modified_time\" content=\"2023-06-20T17:50:50+00:00\" \/>\n<meta name=\"twitter:card\" content=\"summary_large_image\" \/>\n<meta name=\"twitter:label1\" content=\"Est. reading time\" \/>\n\t<meta name=\"twitter:data1\" content=\"3 minutes\" \/>\n<script type=\"application\/ld+json\" class=\"yoast-schema-graph\">{\"@context\":\"https:\\\/\\\/schema.org\",\"@graph\":[{\"@type\":\"WebPage\",\"@id\":\"https:\\\/\\\/fonds-risq.qc.ca\\\/en\\\/guide-and-training\\\/training\\\/\",\"url\":\"https:\\\/\\\/fonds-risq.qc.ca\\\/en\\\/guide-and-training\\\/training\\\/\",\"name\":\"Training - Fonds RISQ\",\"isPartOf\":{\"@id\":\"https:\\\/\\\/fonds-risq.qc.ca\\\/#website\"},\"datePublished\":\"2016-11-07T22:17:16+00:00\",\"dateModified\":\"2023-06-20T17:50:50+00:00\",\"breadcrumb\":{\"@id\":\"https:\\\/\\\/fonds-risq.qc.ca\\\/en\\\/guide-and-training\\\/training\\\/#breadcrumb\"},\"inLanguage\":\"en-US\",\"potentialAction\":[{\"@type\":\"ReadAction\",\"target\":[\"https:\\\/\\\/fonds-risq.qc.ca\\\/en\\\/guide-and-training\\\/training\\\/\"]}]},{\"@type\":\"BreadcrumbList\",\"@id\":\"https:\\\/\\\/fonds-risq.qc.ca\\\/en\\\/guide-and-training\\\/training\\\/#breadcrumb\",\"itemListElement\":[{\"@type\":\"ListItem\",\"position\":1,\"name\":\"Accueil\",\"item\":\"https:\\\/\\\/fonds-risq.qc.ca\\\/en\\\/\"},{\"@type\":\"ListItem\",\"position\":2,\"name\":\"Guide and Training\",\"item\":\"https:\\\/\\\/fonds-risq.qc.ca\\\/en\\\/guide-and-training\\\/\"},{\"@type\":\"ListItem\",\"position\":3,\"name\":\"Training\"}]},{\"@type\":\"WebSite\",\"@id\":\"https:\\\/\\\/fonds-risq.qc.ca\\\/#website\",\"url\":\"https:\\\/\\\/fonds-risq.qc.ca\\\/\",\"name\":\"Fonds RISQ\",\"description\":\"R\u00e9seau d&#039;investissement social du Qu\u00e9bec\",\"publisher\":{\"@id\":\"https:\\\/\\\/fonds-risq.qc.ca\\\/#organization\"},\"potentialAction\":[{\"@type\":\"SearchAction\",\"target\":{\"@type\":\"EntryPoint\",\"urlTemplate\":\"https:\\\/\\\/fonds-risq.qc.ca\\\/?s={search_term_string}\"},\"query-input\":{\"@type\":\"PropertyValueSpecification\",\"valueRequired\":true,\"valueName\":\"search_term_string\"}}],\"inLanguage\":\"en-US\"},{\"@type\":\"Organization\",\"@id\":\"https:\\\/\\\/fonds-risq.qc.ca\\\/#organization\",\"name\":\"Fonds-RISQ\",\"url\":\"https:\\\/\\\/fonds-risq.qc.ca\\\/\",\"logo\":{\"@type\":\"ImageObject\",\"inLanguage\":\"en-US\",\"@id\":\"https:\\\/\\\/fonds-risq.qc.ca\\\/#\\\/schema\\\/logo\\\/image\\\/\",\"url\":\"https:\\\/\\\/fonds-risq.qc.ca\\\/wp-content\\\/uploads\\\/2017\\\/03\\\/RISQ-RGB.png\",\"contentUrl\":\"https:\\\/\\\/fonds-risq.qc.ca\\\/wp-content\\\/uploads\\\/2017\\\/03\\\/RISQ-RGB.png\",\"width\":542,\"height\":269,\"caption\":\"Fonds-RISQ\"},\"image\":{\"@id\":\"https:\\\/\\\/fonds-risq.qc.ca\\\/#\\\/schema\\\/logo\\\/image\\\/\"},\"sameAs\":[\"https:\\\/\\\/www.facebook.com\\\/R\u00e9seau-dinvestissement-social-du-Qu\u00e9bec-1025562200821724\\\/?fref=ts\",\"https:\\\/\\\/www.linkedin.com\\\/company-beta\\\/2465762\\\/\"]}]}<\/script>\n<!-- \/ Yoast SEO plugin. -->","yoast_head_json":{"title":"Training - Fonds RISQ","robots":{"index":"index","follow":"follow","max-snippet":"max-snippet:-1","max-image-preview":"max-image-preview:large","max-video-preview":"max-video-preview:-1"},"canonical":"https:\/\/fonds-risq.qc.ca\/en\/guide-and-training\/training\/","og_locale":"en_US","og_type":"article","og_title":"Training - Fonds RISQ","og_url":"https:\/\/fonds-risq.qc.ca\/en\/guide-and-training\/training\/","og_site_name":"Fonds RISQ","article_publisher":"https:\/\/www.facebook.com\/R%c3%a9seau-dinvestissement-social-du-Qu%c3%a9bec-1025562200821724\/?fref=ts","article_modified_time":"2023-06-20T17:50:50+00:00","twitter_card":"summary_large_image","twitter_misc":{"Est. reading time":"3 minutes"},"schema":{"@context":"https:\/\/schema.org","@graph":[{"@type":"WebPage","@id":"https:\/\/fonds-risq.qc.ca\/en\/guide-and-training\/training\/","url":"https:\/\/fonds-risq.qc.ca\/en\/guide-and-training\/training\/","name":"Training - Fonds RISQ","isPartOf":{"@id":"https:\/\/fonds-risq.qc.ca\/#website"},"datePublished":"2016-11-07T22:17:16+00:00","dateModified":"2023-06-20T17:50:50+00:00","breadcrumb":{"@id":"https:\/\/fonds-risq.qc.ca\/en\/guide-and-training\/training\/#breadcrumb"},"inLanguage":"en-US","potentialAction":[{"@type":"ReadAction","target":["https:\/\/fonds-risq.qc.ca\/en\/guide-and-training\/training\/"]}]},{"@type":"BreadcrumbList","@id":"https:\/\/fonds-risq.qc.ca\/en\/guide-and-training\/training\/#breadcrumb","itemListElement":[{"@type":"ListItem","position":1,"name":"Accueil","item":"https:\/\/fonds-risq.qc.ca\/en\/"},{"@type":"ListItem","position":2,"name":"Guide and Training","item":"https:\/\/fonds-risq.qc.ca\/en\/guide-and-training\/"},{"@type":"ListItem","position":3,"name":"Training"}]},{"@type":"WebSite","@id":"https:\/\/fonds-risq.qc.ca\/#website","url":"https:\/\/fonds-risq.qc.ca\/","name":"Fonds RISQ","description":"R\u00e9seau d&#039;investissement social du Qu\u00e9bec","publisher":{"@id":"https:\/\/fonds-risq.qc.ca\/#organization"},"potentialAction":[{"@type":"SearchAction","target":{"@type":"EntryPoint","urlTemplate":"https:\/\/fonds-risq.qc.ca\/?s={search_term_string}"},"query-input":{"@type":"PropertyValueSpecification","valueRequired":true,"valueName":"search_term_string"}}],"inLanguage":"en-US"},{"@type":"Organization","@id":"https:\/\/fonds-risq.qc.ca\/#organization","name":"Fonds-RISQ","url":"https:\/\/fonds-risq.qc.ca\/","logo":{"@type":"ImageObject","inLanguage":"en-US","@id":"https:\/\/fonds-risq.qc.ca\/#\/schema\/logo\/image\/","url":"https:\/\/fonds-risq.qc.ca\/wp-content\/uploads\/2017\/03\/RISQ-RGB.png","contentUrl":"https:\/\/fonds-risq.qc.ca\/wp-content\/uploads\/2017\/03\/RISQ-RGB.png","width":542,"height":269,"caption":"Fonds-RISQ"},"image":{"@id":"https:\/\/fonds-risq.qc.ca\/#\/schema\/logo\/image\/"},"sameAs":["https:\/\/www.facebook.com\/R\u00e9seau-dinvestissement-social-du-Qu\u00e9bec-1025562200821724\/?fref=ts","https:\/\/www.linkedin.com\/company-beta\/2465762\/"]}]}},"_links":{"self":[{"href":"https:\/\/fonds-risq.qc.ca\/en\/wp-json\/wp\/v2\/pages\/4590","targetHints":{"allow":["GET"]}}],"collection":[{"href":"https:\/\/fonds-risq.qc.ca\/en\/wp-json\/wp\/v2\/pages"}],"about":[{"href":"https:\/\/fonds-risq.qc.ca\/en\/wp-json\/wp\/v2\/types\/page"}],"author":[{"embeddable":true,"href":"https:\/\/fonds-risq.qc.ca\/en\/wp-json\/wp\/v2\/users\/2"}],"replies":[{"embeddable":true,"href":"https:\/\/fonds-risq.qc.ca\/en\/wp-json\/wp\/v2\/comments?post=4590"}],"version-history":[{"count":0,"href":"https:\/\/fonds-risq.qc.ca\/en\/wp-json\/wp\/v2\/pages\/4590\/revisions"}],"up":[{"embeddable":true,"href":"https:\/\/fonds-risq.qc.ca\/en\/wp-json\/wp\/v2\/pages\/4678"}],"wp:attachment":[{"href":"https:\/\/fonds-risq.qc.ca\/en\/wp-json\/wp\/v2\/media?parent=4590"}],"curies":[{"name":"wp","href":"https:\/\/api.w.org\/{rel}","templated":true}]}}