{"id":4617,"date":"2016-11-07T17:19:39","date_gmt":"2016-11-07T22:19:39","guid":{"rendered":"https:\/\/fonds-risq.qc.ca\/references\/"},"modified":"2021-04-29T16:12:09","modified_gmt":"2021-04-29T20:12:09","slug":"documents-and-references","status":"publish","type":"page","link":"https:\/\/fonds-risq.qc.ca\/en\/financial-products\/documents-and-references\/","title":{"rendered":"Documents and references"},"content":{"rendered":"<section class=\"l-section wpb_row height_large color_primary with_img\"><div class=\"l-section-img\" role=\"img\" aria-label=\"Image\" data-img-width=\"1920\" data-img-height=\"1434\" style=\"background-image: url(https:\/\/fonds-risq.qc.ca\/wp-content\/uploads\/2016\/11\/Documents.jpg);background-position: ;background-repeat: ;\"><\/div><div class=\"l-section-h i-cf\"><div class=\"g-cols vc_row via_flex valign_middle type_default stacking_default\"><div class=\"vc_col-sm-12 wpb_column vc_column_container\"><div class=\"vc_column-inner\"><div class=\"wpb_wrapper\"><h1 class=\"w-post-elm post_title us_custom_62fa932f align_center entry-title color_link_inherit\">Documents and references<\/h1><\/div><\/div><\/div><\/div><\/div><\/section><section class=\"l-section wpb_row height_medium\"><div class=\"l-section-h i-cf\"><div class=\"g-cols vc_row via_flex valign_top type_default stacking_default\"><div class=\"vc_col-sm-12 wpb_column vc_column_container\"><div class=\"vc_column-inner\"><div class=\"wpb_wrapper\"><div class=\"wpb_text_column\"><div class=\"wpb_wrapper\"><h2><strong>APPLICATION FORMS<\/strong><\/h2>\n<\/div><\/div><div class=\"g-cols wpb_row via_flex valign_middle type_default stacking_default\"><div class=\"vc_col-sm-9 wpb_column vc_column_container has_bg_color\"><div class=\"vc_column-inner us_custom_1e54aa4c\"><div class=\"wpb_wrapper\"><div class=\"wpb_text_column\"><div class=\"wpb_wrapper\"><p>Financing application \u2013 <strong>Technical Assistance<\/strong><\/p>\n<\/div><\/div><\/div><\/div><\/div><div class=\"vc_col-sm-3 wpb_column vc_column_container btn-download has_text_color has_bg_color\"><div class=\"vc_column-inner us_custom_98769f8d\"><div class=\"wpb_wrapper\"><div class=\"wpb_text_column\"><div class=\"wpb_wrapper\"><p style=\"text-align: center;\"><a href=\"https:\/\/fonds-risq.qc.ca\/wp-content\/uploads\/2017\/02\/Formulaire-Demande-Aide-Technique.pdf\" target=\"_blank\" rel=\"noopener noreferrer\">Download document \u00a0<i class=\"fas fa-arrow-down\"><\/i><\/a><\/p>\n<\/div><\/div><\/div><\/div><\/div><\/div><div class=\"w-separator size_small\"><\/div><div class=\"g-cols wpb_row via_flex valign_middle type_default stacking_default\"><div class=\"vc_col-sm-9 wpb_column vc_column_container has_bg_color\"><div class=\"vc_column-inner us_custom_1e54aa4c\"><div class=\"wpb_wrapper\"><div class=\"wpb_text_column\"><div class=\"wpb_wrapper\"><p>Application for eligibility \u2013 <strong>Transition Fund<\/strong><\/p>\n<\/div><\/div><\/div><\/div><\/div><div class=\"vc_col-sm-3 wpb_column vc_column_container btn-download has_text_color has_bg_color\"><div class=\"vc_column-inner us_custom_98769f8d\"><div class=\"wpb_wrapper\"><div class=\"wpb_text_column\"><div class=\"wpb_wrapper\"><p style=\"text-align: center;\"><a href=\"https:\/\/fonds-risq.qc.ca\/wp-content\/uploads\/2021\/04\/RISQ_Formulaire_Amissibilite_Transition_2021.2-1.pdf\" target=\"_blank\" rel=\"noopener\">Download document \u00a0<\/a><\/p>\n<\/div><\/div><\/div><\/div><\/div><\/div><div class=\"w-separator size_small\"><\/div><div class=\"g-cols wpb_row via_flex valign_middle type_default stacking_default\"><div class=\"vc_col-sm-9 wpb_column vc_column_container has_bg_color\"><div class=\"vc_column-inner us_custom_1e54aa4c\"><div class=\"wpb_wrapper\"><div class=\"wpb_text_column\"><div class=\"wpb_wrapper\"><p>D\u00e9clarations et consentements [Representations and consent] \u2013 <strong>Emergence<\/strong><\/p>\n<\/div><\/div><\/div><\/div><\/div><div class=\"vc_col-sm-3 wpb_column vc_column_container btn-download has_text_color has_bg_color\"><div class=\"vc_column-inner us_custom_98769f8d\"><div class=\"wpb_wrapper\"><div class=\"wpb_text_column\"><div class=\"wpb_wrapper\"><p style=\"text-align: center;\"><a href=\"\/wp-content\/uploads\/2024\/06\/Declarations-consentements-PRE.pdf\" target=\"_blank\" rel=\"noopener noreferrer\">Download Document \u00a0<i class=\"fas fa-arrow-down\"><\/i><\/a><\/p>\n<\/div><\/div><\/div><\/div><\/div><\/div><div class=\"w-separator size_small\"><\/div><div class=\"g-cols wpb_row via_flex valign_middle type_default stacking_default\"><div class=\"vc_col-sm-9 wpb_column vc_column_container has_bg_color\"><div class=\"vc_column-inner us_custom_1e54aa4c\"><div class=\"wpb_wrapper\"><div class=\"wpb_text_column\"><div class=\"wpb_wrapper\"><p>D\u00e9clarations et consentements [Representations and consent] \u2013 <strong>Capitalization<\/strong><\/p>\n<\/div><\/div><\/div><\/div><\/div><div class=\"vc_col-sm-3 wpb_column vc_column_container btn-download has_text_color has_bg_color\"><div class=\"vc_column-inner us_custom_98769f8d\"><div class=\"wpb_wrapper\"><div class=\"wpb_text_column\"><div class=\"wpb_wrapper\"><p style=\"text-align: center;\"><a href=\"\/wp-content\/uploads\/2024\/06\/Declarations-consentements-CAP.pdf\" target=\"_blank\" rel=\"noopener noreferrer\">Download document \u00a0<i class=\"fas fa-arrow-down\"><\/i><\/a><\/p>\n<\/div><\/div><\/div><\/div><\/div><\/div><div class=\"w-separator size_small\"><\/div><div class=\"g-cols wpb_row via_flex valign_middle type_default stacking_default\"><div class=\"vc_col-sm-9 wpb_column vc_column_container has_bg_color\"><div class=\"vc_column-inner us_custom_1e54aa4c\"><div class=\"wpb_wrapper\"><div class=\"wpb_text_column\"><div class=\"wpb_wrapper\"><p>D\u00e9clarations et consentements [Representations and consent] \u2013 <strong>FICES<\/strong><\/p>\n<\/div><\/div><\/div><\/div><\/div><div class=\"vc_col-sm-3 wpb_column vc_column_container btn-download has_text_color has_bg_color\"><div class=\"vc_column-inner us_custom_98769f8d\"><div class=\"wpb_wrapper\"><div class=\"wpb_text_column\"><div class=\"wpb_wrapper\"><p style=\"text-align: center;\"><a href=\"https:\/\/fonds-risq.qc.ca\/wp-content\/uploads\/2024\/06\/Declarations-et-consentements.pdf\" target=\"_blank\" rel=\"noopener noreferrer\">Download document \u00a0<i class=\"fas fa-arrow-down\"><\/i><\/a><\/p>\n<\/div><\/div><\/div><\/div><\/div><\/div><div class=\"w-separator size_small with_line width_default thick_1 style_solid color_border align_center\"><div class=\"w-separator-h\"><\/div><\/div><div class=\"wpb_text_column\"><div class=\"wpb_wrapper\"><h2><strong>TEMPLATES<\/strong><\/h2>\n<\/div><\/div><div class=\"g-cols wpb_row via_flex valign_middle type_default stacking_default\"><div class=\"vc_col-sm-9 wpb_column vc_column_container has_bg_color\"><div class=\"vc_column-inner us_custom_1e54aa4c\"><div class=\"wpb_wrapper\"><div class=\"wpb_text_column\"><div class=\"wpb_wrapper\"><p>Enterprise resolution \u2013 signatory<\/p>\n<\/div><\/div><\/div><\/div><\/div><div class=\"vc_col-sm-3 wpb_column vc_column_container btn-download has_text_color has_bg_color\"><div class=\"vc_column-inner us_custom_98769f8d\"><div class=\"wpb_wrapper\"><div class=\"wpb_text_column\"><div class=\"wpb_wrapper\"><p style=\"text-align: center;\"><a href=\"https:\/\/fonds-risq.qc.ca\/wp-content\/uploads\/2017\/02\/R\u00e9solution-de-lentreprise-signataire-PDF.pdf\" target=\"_blank\" rel=\"noopener noreferrer\">Download document \u00a0<i class=\"fas fa-arrow-down\"><\/i><\/a><\/p>\n<\/div><\/div><\/div><\/div><\/div><\/div><div class=\"w-separator size_small\"><\/div><div class=\"g-cols wpb_row via_flex valign_middle type_default stacking_default\"><div class=\"vc_col-sm-9 wpb_column vc_column_container has_bg_color\"><div class=\"vc_column-inner us_custom_1e54aa4c\"><div class=\"wpb_wrapper\"><div class=\"wpb_text_column\"><div class=\"wpb_wrapper\"><p>Borrowing by-law<\/p>\n<\/div><\/div><\/div><\/div><\/div><div class=\"vc_col-sm-3 wpb_column vc_column_container btn-download has_text_color has_bg_color\"><div class=\"vc_column-inner us_custom_98769f8d\"><div class=\"wpb_wrapper\"><div class=\"wpb_text_column\"><div class=\"wpb_wrapper\"><p style=\"text-align: center;\"><a href=\"https:\/\/fonds-risq.qc.ca\/wp-content\/uploads\/2017\/02\/R\u00e8glement-demprunt-mod\u00e8le-PDF.pdf\" target=\"_blank\" rel=\"noopener noreferrer\">Download document \u00a0<i class=\"fas fa-arrow-down\"><\/i><\/a><\/p>\n<\/div><\/div><\/div><\/div><\/div><\/div><div class=\"w-separator size_small with_line width_default thick_1 style_solid color_border align_center\"><div class=\"w-separator-h\"><\/div><\/div><div class=\"wpb_text_column\"><div class=\"wpb_wrapper\"><h2><strong>RESOURCES<\/strong><\/h2>\n<\/div><\/div><div class=\"wpb_text_column\"><div class=\"wpb_wrapper\"><h4><strong>CSMO-ESAC<\/strong><\/h4>\n<p><em>Comit\u00e9 sectoriel de main-d\u2019\u0153uvre de l\u2019\u00e9conomie sociale et de l\u2019action communautaire<\/em><\/p>\n<\/div><\/div><div class=\"wpb_text_column\"><div class=\"wpb_wrapper\"><p><strong>Useful references regarding employment in the social economy and community action sectors.<\/strong><\/p>\n<p>Training sessions and workshops, studies, surveys, and documentation.<\/p>\n<p>Check out their toolboxes !<\/p>\n<\/div><\/div><div class=\"w-image align_none\"><a target=\" _blank\" rel=\"nofollow\" href=\"http:\/\/www.csmoesac.qc.ca\/outils\/gestion-financiere\" aria-label=\"banner_gestion_fin\" class=\"w-image-h\"><img decoding=\"async\" width=\"660\" height=\"170\" src=\"https:\/\/fonds-risq.qc.ca\/wp-content\/uploads\/2016\/11\/banner_gestion_fin.jpg\" class=\"attachment-us_img_size_1 size-us_img_size_1\" alt=\"\" loading=\"lazy\" srcset=\"https:\/\/fonds-risq.qc.ca\/wp-content\/uploads\/2016\/11\/banner_gestion_fin.jpg 660w, https:\/\/fonds-risq.qc.ca\/wp-content\/uploads\/2016\/11\/banner_gestion_fin-600x155.jpg 600w\" sizes=\"auto, (max-width: 660px) 100vw, 660px\" \/><\/a><\/div><div class=\"w-image align_none\"><a target=\" _blank\" rel=\"nofollow\" href=\"http:\/\/www.csmoesac.qc.ca\/outils\/ressources-humaines\/boite-outils-grh\" aria-label=\"BAO-Gestion des RH\" class=\"w-image-h\"><img decoding=\"async\" width=\"600\" height=\"92\" src=\"https:\/\/fonds-risq.qc.ca\/wp-content\/uploads\/2016\/11\/BAO-Gestion-des-RH-600x92.png\" class=\"attachment-us_img_size_1 size-us_img_size_1\" alt=\"\" loading=\"lazy\" srcset=\"https:\/\/fonds-risq.qc.ca\/wp-content\/uploads\/2016\/11\/BAO-Gestion-des-RH-600x93.png 600w, https:\/\/fonds-risq.qc.ca\/wp-content\/uploads\/2016\/11\/BAO-Gestion-des-RH-300x46.png 300w, https:\/\/fonds-risq.qc.ca\/wp-content\/uploads\/2016\/11\/BAO-Gestion-des-RH-500x76.png 500w, https:\/\/fonds-risq.qc.ca\/wp-content\/uploads\/2016\/11\/BAO-Gestion-des-RH.png 608w\" sizes=\"auto, (max-width: 600px) 100vw, 600px\" \/><\/a><\/div><div class=\"w-image align_none\"><a target=\" _blank\" rel=\"nofollow\" href=\"http:\/\/www.csmoesac.qc.ca\/outils\/gouvernance-democratique\/boite-outils-gd\" aria-label=\"BAO-Gouvernance d\u00e9mocratique\" class=\"w-image-h\"><img decoding=\"async\" width=\"658\" height=\"329\" src=\"https:\/\/fonds-risq.qc.ca\/wp-content\/uploads\/2016\/11\/BAO-Gouvernance-d\u00e9mocratique.jpg\" class=\"attachment-us_img_size_1 size-us_img_size_1\" alt=\"\" loading=\"lazy\" srcset=\"https:\/\/fonds-risq.qc.ca\/wp-content\/uploads\/2016\/11\/BAO-Gouvernance-d\u00e9mocratique.jpg 658w, https:\/\/fonds-risq.qc.ca\/wp-content\/uploads\/2016\/11\/BAO-Gouvernance-d\u00e9mocratique-600x300.jpg 600w\" sizes=\"auto, (max-width: 658px) 100vw, 658px\" \/><\/a><\/div><div class=\"w-btn-wrapper align_none\"><a class=\"w-btn us-btn-style_3 us_custom_1b04de86 icon_atright\" target=\" _blank\" rel=\"nofollow\" href=\"http:\/\/www.csmoesac.qc.ca\/outils\/gestion-financiere\"><span class=\"w-btn-label\">www.csmoesac.qc.ca<\/span><i class=\"fas fa-globe\"><\/i><\/a><\/div><div class=\"w-separator size_small with_line width_default thick_1 style_solid color_border align_center\"><div class=\"w-separator-h\"><\/div><\/div><div class=\"wpb_text_column\"><div class=\"wpb_wrapper\"><h4><strong>R\u00c9SEAU M<\/strong><\/h4>\n<\/div><\/div><div class=\"wpb_text_column\"><div class=\"wpb_wrapper\"><p><strong>Mentorship for social economy\u00a0enterprises<\/strong><\/p>\n<p>Service addressed to managers\/directors of cooperative and non-profit enterprises in Qu\u00e9bec.<\/p>\n<\/div><\/div><div class=\"w-image align_none\"><div class=\"w-image-h\"><img decoding=\"async\" width=\"600\" height=\"158\" src=\"https:\/\/fonds-risq.qc.ca\/wp-content\/uploads\/2016\/11\/bandeau-reseau-M-4-600x158.png\" class=\"attachment-us_img_size_1 size-us_img_size_1\" alt=\"\" loading=\"lazy\" srcset=\"https:\/\/fonds-risq.qc.ca\/wp-content\/uploads\/2016\/11\/bandeau-reseau-M-4-600x158.png 600w, https:\/\/fonds-risq.qc.ca\/wp-content\/uploads\/2016\/11\/bandeau-reseau-M-4-300x79.png 300w, https:\/\/fonds-risq.qc.ca\/wp-content\/uploads\/2016\/11\/bandeau-reseau-M-4-768x202.png 768w, https:\/\/fonds-risq.qc.ca\/wp-content\/uploads\/2016\/11\/bandeau-reseau-M-4-1024x269.png 1024w, https:\/\/fonds-risq.qc.ca\/wp-content\/uploads\/2016\/11\/bandeau-reseau-M-4-500x132.png 500w, https:\/\/fonds-risq.qc.ca\/wp-content\/uploads\/2016\/11\/bandeau-reseau-M-4.png 1900w\" sizes=\"auto, (max-width: 600px) 100vw, 600px\" \/><\/div><\/div><div class=\"w-btn-wrapper align_none\"><a class=\"w-btn us-btn-style_3 us_custom_1b04de86 icon_atright\" target=\" _blank\" rel=\"nofollow\" href=\"http:\/\/www.mentorat-es.info\/\"><span class=\"w-btn-label\">www.mentorat-es.info<\/span><i class=\"fas fa-globe\"><\/i><\/a><\/div><div class=\"w-separator size_small with_line width_default thick_1 style_solid color_border align_center\"><div class=\"w-separator-h\"><\/div><\/div><div class=\"wpb_text_column\"><div class=\"wpb_wrapper\"><h4><strong>CHANTIER DE L&#8217;\u00c9CONOMIE SOCIALE<\/strong><\/h4>\n<\/div><\/div><div class=\"wpb_text_column\"><div class=\"wpb_wrapper\"><p><strong>THE<\/strong> reference for the social economy in Qu\u00e9bec. A hub for social economy actors from diverse sectors, the Chantier disseminates the latest information about a myriad of subjects linked to the development of the social economy.<\/p>\n<\/div><\/div><div class=\"w-image align_none\"><div class=\"w-image-h\"><img decoding=\"async\" width=\"550\" height=\"152\" src=\"https:\/\/fonds-risq.qc.ca\/wp-content\/uploads\/2016\/11\/ban-membership-siteaccueil.jpg\" class=\"attachment-us_img_size_1 size-us_img_size_1\" alt=\"\" loading=\"lazy\" \/><\/div><\/div><div class=\"w-btn-wrapper align_none\"><a class=\"w-btn us-btn-style_3 us_custom_1b04de86 icon_atright\" target=\" _blank\" rel=\"nofollow\" href=\"http:\/\/www.chantier.qc.ca\/\"><span class=\"w-btn-label\">www.chantier.qc.ca<\/span><i class=\"fas fa-globe\"><\/i><\/a><\/div><div class=\"w-separator size_small with_line width_default thick_1 style_solid color_border align_center\"><div class=\"w-separator-h\"><\/div><\/div><div class=\"wpb_text_column\"><div class=\"wpb_wrapper\"><h4><strong>Territoires innovants en \u00e9conomie sociale et solidaire &#8211; TIESS<br \/>\n<\/strong><\/h4>\n<\/div><\/div><div class=\"wpb_text_column\"><div class=\"wpb_wrapper\"><p>TIESS, an organization dedicated to social innovation outreach and transfer, has produced a guide to participatory financing, the <em>Guide sur le financement participative<\/em>. Check it out, it\u2019s free!<\/p>\n<\/div><\/div><div class=\"w-image align_none\"><a target=\" _blank\" rel=\"nofollow\" href=\"http:\/\/www.tiess.ca\/guide-sur-le-financement-participatif-pour-les-entreprises-deconomie-sociale-2017\/\" aria-label=\"TIESS_Guide sur le financement participatif\" class=\"w-image-h\"><img decoding=\"async\" width=\"1280\" height=\"700\" src=\"https:\/\/fonds-risq.qc.ca\/wp-content\/uploads\/2016\/11\/TIESS_Guide-sur-le-financement-participatif.jpg\" class=\"attachment-us_img_size_1 size-us_img_size_1\" alt=\"\" loading=\"lazy\" srcset=\"https:\/\/fonds-risq.qc.ca\/wp-content\/uploads\/2016\/11\/TIESS_Guide-sur-le-financement-participatif.jpg 1280w, https:\/\/fonds-risq.qc.ca\/wp-content\/uploads\/2016\/11\/TIESS_Guide-sur-le-financement-participatif-600x328.jpg 600w\" sizes=\"auto, (max-width: 1280px) 100vw, 1280px\" \/><\/a><\/div><div class=\"w-btn-wrapper align_none\"><a class=\"w-btn us-btn-style_3 us_custom_1b04de86\" target=\" _blank\" rel=\"nofollow\" href=\"http:\/\/www.tiess.ca\/ \"><span class=\"w-btn-label\">www.tiess.ca<\/span><\/a><\/div><div class=\"w-separator size_small with_line width_default thick_1 style_solid color_border align_center\"><div class=\"w-separator-h\"><\/div><\/div><div class=\"wpb_text_column\"><div class=\"wpb_wrapper\"><h4><strong>Centre d&#8217;\u00e9tude en responsabilit\u00e9 sociale et en \u00e9cocitoyennet\u00e9 Coll\u00e8ge de Rosemont\u00a0&#8211;\u00a0C\u00c9RS\u00c9<br \/>\n<\/strong><\/h4>\n<\/div><\/div><div class=\"wpb_text_column\"><div class=\"wpb_wrapper\"><p>Le C\u00c9RS\u00c9 est un centre de recherche qui facilite la cr\u00e9ation d\u2019opportunit\u00e9s d\u2019innovation responsable dans les organisations et la soci\u00e9t\u00e9 par des processus accessibles et collaboratifs.<\/p>\n<p>D\u00e9couvrez leur derni\u00e8re <a href=\"https:\/\/fonds-risq.qc.ca\/wp-content\/uploads\/2016\/11\/presentation-cerse_-_14_nov.pdf\">\u00c9tude sur l&#8217;entrepreunariat social<\/a>\u00a0r\u00e9alis\u00e9e en partenariat avec le RISQ, la Caisse d&#8217;\u00e9conomie solidaire Desjardins et les P\u00f4les d&#8217;\u00e9conomie sociale des Laurentides, de la Mauricie et de Montr\u00e9al.<\/p>\n<\/div><\/div><div class=\"w-btn-wrapper align_none\"><a class=\"w-btn us-btn-style_3 us_custom_1b04de86\" target=\" _blank\" rel=\"nofollow\" href=\"http:\/\/www.crosemont.qc.ca\/cerse\/a-propos\"><span class=\"w-btn-label\">www.crosemont.qc.ca\/cerse\/a-propos<\/span><\/a><\/div><\/div><\/div><\/div><\/div><\/div><\/section><section class=\"l-section wpb_row height_medium\"><div class=\"l-section-h i-cf\"><div class=\"g-cols vc_row via_flex valign_top type_default stacking_default\"><div class=\"vc_col-sm-12 wpb_column vc_column_container\"><div class=\"vc_column-inner\"><div class=\"wpb_wrapper\"><div class=\"w-separator size_small with_line width_default thick_1 style_solid color_border align_center\"><div class=\"w-separator-h\"><\/div><\/div><\/div><\/div><\/div><\/div><\/div><\/section>\n","protected":false},"excerpt":{"rendered":"Documents and referencesAPPLICATION FORMS Financing application \u2013 Technical Assistance Download document \u00a0 Application for eligibility \u2013 Transition Fund Download document \u00a0 D\u00e9clarations et consentements [Representations and consent] \u2013 Emergence Download Document \u00a0 D\u00e9clarations et consentements [Representations and consent] \u2013 Capitalization Download document \u00a0 D\u00e9clarations et consentements [Representations and consent] \u2013 FICES Download document \u00a0 TEMPLATES...","protected":false},"author":2,"featured_media":0,"parent":4689,"menu_order":0,"comment_status":"closed","ping_status":"closed","template":"","meta":{"inline_featured_image":false,"footnotes":""},"class_list":["post-4617","page","type-page","status-publish","hentry"],"yoast_head":"<!-- This site is optimized with the Yoast SEO plugin v27.3 - https:\/\/yoast.com\/product\/yoast-seo-wordpress\/ -->\n<title>Documents and references - Fonds RISQ<\/title>\n<meta name=\"robots\" content=\"index, follow, max-snippet:-1, max-image-preview:large, max-video-preview:-1\" \/>\n<link rel=\"canonical\" href=\"https:\/\/fonds-risq.qc.ca\/en\/financial-products\/documents-and-references\/\" \/>\n<meta property=\"og:locale\" content=\"en_US\" \/>\n<meta property=\"og:type\" content=\"article\" \/>\n<meta property=\"og:title\" content=\"Documents and references - Fonds RISQ\" \/>\n<meta property=\"og:url\" content=\"https:\/\/fonds-risq.qc.ca\/en\/financial-products\/documents-and-references\/\" \/>\n<meta property=\"og:site_name\" content=\"Fonds RISQ\" \/>\n<meta property=\"article:publisher\" content=\"https:\/\/www.facebook.com\/R%c3%a9seau-dinvestissement-social-du-Qu%c3%a9bec-1025562200821724\/?fref=ts\" \/>\n<meta property=\"article:modified_time\" content=\"2021-04-29T20:12:09+00:00\" \/>\n<meta name=\"twitter:card\" content=\"summary_large_image\" \/>\n<meta name=\"twitter:label1\" content=\"Est. reading time\" \/>\n\t<meta name=\"twitter:data1\" content=\"2 minutes\" \/>\n<script type=\"application\/ld+json\" class=\"yoast-schema-graph\">{\"@context\":\"https:\\\/\\\/schema.org\",\"@graph\":[{\"@type\":\"WebPage\",\"@id\":\"https:\\\/\\\/fonds-risq.qc.ca\\\/en\\\/financial-products\\\/documents-and-references\\\/\",\"url\":\"https:\\\/\\\/fonds-risq.qc.ca\\\/en\\\/financial-products\\\/documents-and-references\\\/\",\"name\":\"Documents and references - Fonds RISQ\",\"isPartOf\":{\"@id\":\"https:\\\/\\\/fonds-risq.qc.ca\\\/#website\"},\"datePublished\":\"2016-11-07T22:19:39+00:00\",\"dateModified\":\"2021-04-29T20:12:09+00:00\",\"breadcrumb\":{\"@id\":\"https:\\\/\\\/fonds-risq.qc.ca\\\/en\\\/financial-products\\\/documents-and-references\\\/#breadcrumb\"},\"inLanguage\":\"en-US\",\"potentialAction\":[{\"@type\":\"ReadAction\",\"target\":[\"https:\\\/\\\/fonds-risq.qc.ca\\\/en\\\/financial-products\\\/documents-and-references\\\/\"]}]},{\"@type\":\"BreadcrumbList\",\"@id\":\"https:\\\/\\\/fonds-risq.qc.ca\\\/en\\\/financial-products\\\/documents-and-references\\\/#breadcrumb\",\"itemListElement\":[{\"@type\":\"ListItem\",\"position\":1,\"name\":\"Accueil\",\"item\":\"https:\\\/\\\/fonds-risq.qc.ca\\\/en\\\/\"},{\"@type\":\"ListItem\",\"position\":2,\"name\":\"Financial products\",\"item\":\"https:\\\/\\\/fonds-risq.qc.ca\\\/en\\\/financial-products\\\/\"},{\"@type\":\"ListItem\",\"position\":3,\"name\":\"Documents and references\"}]},{\"@type\":\"WebSite\",\"@id\":\"https:\\\/\\\/fonds-risq.qc.ca\\\/#website\",\"url\":\"https:\\\/\\\/fonds-risq.qc.ca\\\/\",\"name\":\"Fonds RISQ\",\"description\":\"R\u00e9seau d&#039;investissement social du Qu\u00e9bec\",\"publisher\":{\"@id\":\"https:\\\/\\\/fonds-risq.qc.ca\\\/#organization\"},\"potentialAction\":[{\"@type\":\"SearchAction\",\"target\":{\"@type\":\"EntryPoint\",\"urlTemplate\":\"https:\\\/\\\/fonds-risq.qc.ca\\\/?s={search_term_string}\"},\"query-input\":{\"@type\":\"PropertyValueSpecification\",\"valueRequired\":true,\"valueName\":\"search_term_string\"}}],\"inLanguage\":\"en-US\"},{\"@type\":\"Organization\",\"@id\":\"https:\\\/\\\/fonds-risq.qc.ca\\\/#organization\",\"name\":\"Fonds-RISQ\",\"url\":\"https:\\\/\\\/fonds-risq.qc.ca\\\/\",\"logo\":{\"@type\":\"ImageObject\",\"inLanguage\":\"en-US\",\"@id\":\"https:\\\/\\\/fonds-risq.qc.ca\\\/#\\\/schema\\\/logo\\\/image\\\/\",\"url\":\"https:\\\/\\\/fonds-risq.qc.ca\\\/wp-content\\\/uploads\\\/2017\\\/03\\\/RISQ-RGB.png\",\"contentUrl\":\"https:\\\/\\\/fonds-risq.qc.ca\\\/wp-content\\\/uploads\\\/2017\\\/03\\\/RISQ-RGB.png\",\"width\":542,\"height\":269,\"caption\":\"Fonds-RISQ\"},\"image\":{\"@id\":\"https:\\\/\\\/fonds-risq.qc.ca\\\/#\\\/schema\\\/logo\\\/image\\\/\"},\"sameAs\":[\"https:\\\/\\\/www.facebook.com\\\/R\u00e9seau-dinvestissement-social-du-Qu\u00e9bec-1025562200821724\\\/?fref=ts\",\"https:\\\/\\\/www.linkedin.com\\\/company-beta\\\/2465762\\\/\"]}]}<\/script>\n<!-- \/ Yoast SEO plugin. -->","yoast_head_json":{"title":"Documents and references - Fonds RISQ","robots":{"index":"index","follow":"follow","max-snippet":"max-snippet:-1","max-image-preview":"max-image-preview:large","max-video-preview":"max-video-preview:-1"},"canonical":"https:\/\/fonds-risq.qc.ca\/en\/financial-products\/documents-and-references\/","og_locale":"en_US","og_type":"article","og_title":"Documents and references - Fonds RISQ","og_url":"https:\/\/fonds-risq.qc.ca\/en\/financial-products\/documents-and-references\/","og_site_name":"Fonds RISQ","article_publisher":"https:\/\/www.facebook.com\/R%c3%a9seau-dinvestissement-social-du-Qu%c3%a9bec-1025562200821724\/?fref=ts","article_modified_time":"2021-04-29T20:12:09+00:00","twitter_card":"summary_large_image","twitter_misc":{"Est. reading time":"2 minutes"},"schema":{"@context":"https:\/\/schema.org","@graph":[{"@type":"WebPage","@id":"https:\/\/fonds-risq.qc.ca\/en\/financial-products\/documents-and-references\/","url":"https:\/\/fonds-risq.qc.ca\/en\/financial-products\/documents-and-references\/","name":"Documents and references - Fonds RISQ","isPartOf":{"@id":"https:\/\/fonds-risq.qc.ca\/#website"},"datePublished":"2016-11-07T22:19:39+00:00","dateModified":"2021-04-29T20:12:09+00:00","breadcrumb":{"@id":"https:\/\/fonds-risq.qc.ca\/en\/financial-products\/documents-and-references\/#breadcrumb"},"inLanguage":"en-US","potentialAction":[{"@type":"ReadAction","target":["https:\/\/fonds-risq.qc.ca\/en\/financial-products\/documents-and-references\/"]}]},{"@type":"BreadcrumbList","@id":"https:\/\/fonds-risq.qc.ca\/en\/financial-products\/documents-and-references\/#breadcrumb","itemListElement":[{"@type":"ListItem","position":1,"name":"Accueil","item":"https:\/\/fonds-risq.qc.ca\/en\/"},{"@type":"ListItem","position":2,"name":"Financial products","item":"https:\/\/fonds-risq.qc.ca\/en\/financial-products\/"},{"@type":"ListItem","position":3,"name":"Documents and references"}]},{"@type":"WebSite","@id":"https:\/\/fonds-risq.qc.ca\/#website","url":"https:\/\/fonds-risq.qc.ca\/","name":"Fonds RISQ","description":"R\u00e9seau d&#039;investissement social du Qu\u00e9bec","publisher":{"@id":"https:\/\/fonds-risq.qc.ca\/#organization"},"potentialAction":[{"@type":"SearchAction","target":{"@type":"EntryPoint","urlTemplate":"https:\/\/fonds-risq.qc.ca\/?s={search_term_string}"},"query-input":{"@type":"PropertyValueSpecification","valueRequired":true,"valueName":"search_term_string"}}],"inLanguage":"en-US"},{"@type":"Organization","@id":"https:\/\/fonds-risq.qc.ca\/#organization","name":"Fonds-RISQ","url":"https:\/\/fonds-risq.qc.ca\/","logo":{"@type":"ImageObject","inLanguage":"en-US","@id":"https:\/\/fonds-risq.qc.ca\/#\/schema\/logo\/image\/","url":"https:\/\/fonds-risq.qc.ca\/wp-content\/uploads\/2017\/03\/RISQ-RGB.png","contentUrl":"https:\/\/fonds-risq.qc.ca\/wp-content\/uploads\/2017\/03\/RISQ-RGB.png","width":542,"height":269,"caption":"Fonds-RISQ"},"image":{"@id":"https:\/\/fonds-risq.qc.ca\/#\/schema\/logo\/image\/"},"sameAs":["https:\/\/www.facebook.com\/R\u00e9seau-dinvestissement-social-du-Qu\u00e9bec-1025562200821724\/?fref=ts","https:\/\/www.linkedin.com\/company-beta\/2465762\/"]}]}},"_links":{"self":[{"href":"https:\/\/fonds-risq.qc.ca\/en\/wp-json\/wp\/v2\/pages\/4617","targetHints":{"allow":["GET"]}}],"collection":[{"href":"https:\/\/fonds-risq.qc.ca\/en\/wp-json\/wp\/v2\/pages"}],"about":[{"href":"https:\/\/fonds-risq.qc.ca\/en\/wp-json\/wp\/v2\/types\/page"}],"author":[{"embeddable":true,"href":"https:\/\/fonds-risq.qc.ca\/en\/wp-json\/wp\/v2\/users\/2"}],"replies":[{"embeddable":true,"href":"https:\/\/fonds-risq.qc.ca\/en\/wp-json\/wp\/v2\/comments?post=4617"}],"version-history":[{"count":0,"href":"https:\/\/fonds-risq.qc.ca\/en\/wp-json\/wp\/v2\/pages\/4617\/revisions"}],"up":[{"embeddable":true,"href":"https:\/\/fonds-risq.qc.ca\/en\/wp-json\/wp\/v2\/pages\/4689"}],"wp:attachment":[{"href":"https:\/\/fonds-risq.qc.ca\/en\/wp-json\/wp\/v2\/media?parent=4617"}],"curies":[{"name":"wp","href":"https:\/\/api.w.org\/{rel}","templated":true}]}}