{"id":15908,"date":"2023-06-20T13:25:13","date_gmt":"2023-06-20T17:25:13","guid":{"rendered":"https:\/\/fonds-risq.qc.ca\/?post_type=product&#038;p=15908"},"modified":"2023-09-27T12:43:55","modified_gmt":"2023-09-27T16:43:55","slug":"atelier-de-formation-en-ligne-5-et-12-octobre-2023-analyse-des-entreprises-deconomie-sociale","status":"publish","type":"product","link":"https:\/\/fonds-risq.qc.ca\/en\/produit\/atelier-de-formation-en-ligne-5-et-12-octobre-2023-analyse-des-entreprises-deconomie-sociale\/","title":{"rendered":"Atelier de formation en ligne 5 et 12 octobre 2023 &#8211; Analyse des entreprises d&#8217;\u00e9conomie sociale ("},"content":{"rendered":"<section class=\"l-section wpb_row height_medium\"><div class=\"l-section-h i-cf\"><div class=\"g-cols vc_row via_flex valign_top type_default stacking_default\"><div class=\"vc_col-sm-12 wpb_column vc_column_container\"><div class=\"vc_column-inner\"><div class=\"wpb_wrapper\"><div class=\"wpb_text_column\"><div class=\"wpb_wrapper\"><p><strong><em>Inscription et paiement uniquement pour la formation qui aura lieu les 5 et 12 octobre 2023<\/em><\/strong><\/p>\n<p>Cette formation consiste en deux rencontres virtuelles en temps r\u00e9el, chacune pr\u00e9c\u00e9d\u00e9e d\u2019activit\u00e9s pr\u00e9paratoires.<\/p>\n<ul>\n<li>Premi\u00e8re partie\u00a0:\n<ul>\n<li>Activit\u00e9s pr\u00e9paratoires\u00a0: <strong>du 28 septembre au 4 octobre 2023 (pr\u00e9voir 3 heures)<\/strong><\/li>\n<li>Rencontre virtuelle le <strong>jeudi 5 octobre 2023 de 13h30 \u00e0 16 h 30<\/strong><\/li>\n<\/ul>\n<\/li>\n<li>Deuxi\u00e8me partie\n<ul>\n<li>Activit\u00e9s pr\u00e9paratoires : <strong>du 5 au 11 octobre 2023 (pr\u00e9voir 3 heures)<\/strong><\/li>\n<li>Rencontre virtuelle <strong>le jeudi 12 octobre 2023 de 13h30 \u00e0 16 h 30<\/strong><\/li>\n<\/ul>\n<\/li>\n<\/ul>\n<p>Une semaine avant la formation, les personnes inscrites recevront les documents et liens informatiques n\u00e9cessaires. Aucun besoin de logiciels ou applications sp\u00e9cifiques.<\/p>\n<p>Vous devez pr\u00e9alablement acqu\u00e9rir un exemplaire du\u00a0<a href=\"https:\/\/fonds-risq.qc.ca\/boutique\/\" target=\"_blank\" rel=\"noopener noreferrer\">Guide d\u2019analyse des entreprises d\u2019\u00e9conomie sociale<\/a><\/p>\n<p>Pour en savoir davantage sur la formation : <a href=\"https:\/\/fonds-risq.qc.ca\/guide-et-formation\/formation\/\" target=\"_blank\" rel=\"noopener\">https:\/\/fonds-risq.qc.ca\/guide-et-formation\/formation\/<\/a><\/p>\n<p><strong>Date limite d\u2019inscription : 27 septembre 2023<\/strong><\/p>\n<\/div><\/div><\/div><\/div><\/div><\/div><\/div><\/section>\n","protected":false},"excerpt":{"rendered":"Inscription et paiement uniquement pour la formation qui aura lieu les 5 et 12 octobre 2023 Cette formation consiste en deux rencontres virtuelles en temps r\u00e9el, chacune pr\u00e9c\u00e9d\u00e9e d\u2019activit\u00e9s pr\u00e9paratoires. Premi\u00e8re partie\u00a0: Activit\u00e9s pr\u00e9paratoires\u00a0: du 28 septembre au 4 octobre 2023 (pr\u00e9voir 3 heures) Rencontre virtuelle le jeudi 5 octobre 2023 de 13h30 \u00e0 16...","protected":false},"featured_media":9266,"comment_status":"open","ping_status":"closed","template":"","meta":{"inline_featured_image":false},"product_brand":[],"product_cat":[210],"product_tag":[],"class_list":{"0":"post-15908","1":"product","2":"type-product","3":"status-publish","4":"has-post-thumbnail","6":"product_cat-formation-en-ligne","8":"first","9":"instock","10":"virtual","11":"taxable","12":"purchasable","13":"product-type-simple"},"yoast_head":"<!-- This site is optimized with the Yoast SEO plugin v27.3 - https:\/\/yoast.com\/product\/yoast-seo-wordpress\/ -->\n<title>Atelier de formation en ligne 5 et 12 octobre 2023 - Analyse des entreprises d&#039;\u00e9conomie sociale ( - Fonds RISQ<\/title>\n<meta name=\"robots\" content=\"index, follow, max-snippet:-1, max-image-preview:large, max-video-preview:-1\" \/>\n<link rel=\"canonical\" href=\"https:\/\/fonds-risq.qc.ca\/produit\/atelier-de-formation-en-ligne-5-et-12-octobre-2023-analyse-des-entreprises-deconomie-sociale\/\" \/>\n<meta property=\"og:locale\" content=\"en_US\" \/>\n<meta property=\"og:type\" content=\"article\" \/>\n<meta property=\"og:title\" content=\"Atelier de formation en ligne 5 et 12 octobre 2023 - Analyse des entreprises d&#039;\u00e9conomie sociale ( - Fonds RISQ\" \/>\n<meta property=\"og:url\" content=\"https:\/\/fonds-risq.qc.ca\/produit\/atelier-de-formation-en-ligne-5-et-12-octobre-2023-analyse-des-entreprises-deconomie-sociale\/\" \/>\n<meta property=\"og:site_name\" content=\"Fonds RISQ\" \/>\n<meta property=\"article:publisher\" content=\"https:\/\/www.facebook.com\/R%c3%a9seau-dinvestissement-social-du-Qu%c3%a9bec-1025562200821724\/?fref=ts\" \/>\n<meta property=\"article:modified_time\" content=\"2023-09-27T16:43:55+00:00\" \/>\n<meta property=\"og:image\" content=\"https:\/\/fonds-risq.qc.ca\/wp-content\/uploads\/2020\/01\/RISQ-01-site-web-promo.jpg\" \/>\n\t<meta property=\"og:image:width\" content=\"1245\" \/>\n\t<meta property=\"og:image:height\" content=\"882\" \/>\n\t<meta property=\"og:image:type\" content=\"image\/jpeg\" \/>\n<meta name=\"twitter:card\" content=\"summary_large_image\" \/>\n<meta name=\"twitter:label1\" content=\"Est. reading time\" \/>\n\t<meta name=\"twitter:data1\" content=\"1 minute\" \/>\n<script type=\"application\/ld+json\" class=\"yoast-schema-graph\">{\"@context\":\"https:\\\/\\\/schema.org\",\"@graph\":[{\"@type\":\"WebPage\",\"@id\":\"https:\\\/\\\/fonds-risq.qc.ca\\\/produit\\\/atelier-de-formation-en-ligne-5-et-12-octobre-2023-analyse-des-entreprises-deconomie-sociale\\\/\",\"url\":\"https:\\\/\\\/fonds-risq.qc.ca\\\/produit\\\/atelier-de-formation-en-ligne-5-et-12-octobre-2023-analyse-des-entreprises-deconomie-sociale\\\/\",\"name\":\"Atelier de formation en ligne 5 et 12 octobre 2023 - Analyse des entreprises d'\u00e9conomie sociale ( - Fonds RISQ\",\"isPartOf\":{\"@id\":\"https:\\\/\\\/fonds-risq.qc.ca\\\/#website\"},\"primaryImageOfPage\":{\"@id\":\"https:\\\/\\\/fonds-risq.qc.ca\\\/produit\\\/atelier-de-formation-en-ligne-5-et-12-octobre-2023-analyse-des-entreprises-deconomie-sociale\\\/#primaryimage\"},\"image\":{\"@id\":\"https:\\\/\\\/fonds-risq.qc.ca\\\/produit\\\/atelier-de-formation-en-ligne-5-et-12-octobre-2023-analyse-des-entreprises-deconomie-sociale\\\/#primaryimage\"},\"thumbnailUrl\":\"https:\\\/\\\/fonds-risq.qc.ca\\\/wp-content\\\/uploads\\\/2020\\\/01\\\/RISQ-01-site-web-promo.jpg\",\"datePublished\":\"2023-06-20T17:25:13+00:00\",\"dateModified\":\"2023-09-27T16:43:55+00:00\",\"breadcrumb\":{\"@id\":\"https:\\\/\\\/fonds-risq.qc.ca\\\/produit\\\/atelier-de-formation-en-ligne-5-et-12-octobre-2023-analyse-des-entreprises-deconomie-sociale\\\/#breadcrumb\"},\"inLanguage\":\"en-US\",\"potentialAction\":[{\"@type\":\"ReadAction\",\"target\":[\"https:\\\/\\\/fonds-risq.qc.ca\\\/produit\\\/atelier-de-formation-en-ligne-5-et-12-octobre-2023-analyse-des-entreprises-deconomie-sociale\\\/\"]}]},{\"@type\":\"ImageObject\",\"inLanguage\":\"en-US\",\"@id\":\"https:\\\/\\\/fonds-risq.qc.ca\\\/produit\\\/atelier-de-formation-en-ligne-5-et-12-octobre-2023-analyse-des-entreprises-deconomie-sociale\\\/#primaryimage\",\"url\":\"https:\\\/\\\/fonds-risq.qc.ca\\\/wp-content\\\/uploads\\\/2020\\\/01\\\/RISQ-01-site-web-promo.jpg\",\"contentUrl\":\"https:\\\/\\\/fonds-risq.qc.ca\\\/wp-content\\\/uploads\\\/2020\\\/01\\\/RISQ-01-site-web-promo.jpg\",\"width\":1245,\"height\":882},{\"@type\":\"BreadcrumbList\",\"@id\":\"https:\\\/\\\/fonds-risq.qc.ca\\\/produit\\\/atelier-de-formation-en-ligne-5-et-12-octobre-2023-analyse-des-entreprises-deconomie-sociale\\\/#breadcrumb\",\"itemListElement\":[{\"@type\":\"ListItem\",\"position\":1,\"name\":\"Accueil\",\"item\":\"https:\\\/\\\/fonds-risq.qc.ca\\\/en\\\/\"},{\"@type\":\"ListItem\",\"position\":2,\"name\":\"Shop\",\"item\":\"https:\\\/\\\/fonds-risq.qc.ca\\\/en\\\/shop\\\/\"},{\"@type\":\"ListItem\",\"position\":3,\"name\":\"Atelier de formation en ligne 5 et 12 octobre 2023 &#8211; Analyse des entreprises d&rsquo;\u00e9conomie sociale (\"}]},{\"@type\":\"WebSite\",\"@id\":\"https:\\\/\\\/fonds-risq.qc.ca\\\/#website\",\"url\":\"https:\\\/\\\/fonds-risq.qc.ca\\\/\",\"name\":\"Fonds RISQ\",\"description\":\"R\u00e9seau d&#039;investissement social du Qu\u00e9bec\",\"publisher\":{\"@id\":\"https:\\\/\\\/fonds-risq.qc.ca\\\/#organization\"},\"potentialAction\":[{\"@type\":\"SearchAction\",\"target\":{\"@type\":\"EntryPoint\",\"urlTemplate\":\"https:\\\/\\\/fonds-risq.qc.ca\\\/?s={search_term_string}\"},\"query-input\":{\"@type\":\"PropertyValueSpecification\",\"valueRequired\":true,\"valueName\":\"search_term_string\"}}],\"inLanguage\":\"en-US\"},{\"@type\":\"Organization\",\"@id\":\"https:\\\/\\\/fonds-risq.qc.ca\\\/#organization\",\"name\":\"Fonds-RISQ\",\"url\":\"https:\\\/\\\/fonds-risq.qc.ca\\\/\",\"logo\":{\"@type\":\"ImageObject\",\"inLanguage\":\"en-US\",\"@id\":\"https:\\\/\\\/fonds-risq.qc.ca\\\/#\\\/schema\\\/logo\\\/image\\\/\",\"url\":\"https:\\\/\\\/fonds-risq.qc.ca\\\/wp-content\\\/uploads\\\/2017\\\/03\\\/RISQ-RGB.png\",\"contentUrl\":\"https:\\\/\\\/fonds-risq.qc.ca\\\/wp-content\\\/uploads\\\/2017\\\/03\\\/RISQ-RGB.png\",\"width\":542,\"height\":269,\"caption\":\"Fonds-RISQ\"},\"image\":{\"@id\":\"https:\\\/\\\/fonds-risq.qc.ca\\\/#\\\/schema\\\/logo\\\/image\\\/\"},\"sameAs\":[\"https:\\\/\\\/www.facebook.com\\\/R\u00e9seau-dinvestissement-social-du-Qu\u00e9bec-1025562200821724\\\/?fref=ts\",\"https:\\\/\\\/www.linkedin.com\\\/company-beta\\\/2465762\\\/\"]}]}<\/script>\n<!-- \/ Yoast SEO plugin. -->","yoast_head_json":{"title":"Atelier de formation en ligne 5 et 12 octobre 2023 - Analyse des entreprises d'\u00e9conomie sociale ( - Fonds RISQ","robots":{"index":"index","follow":"follow","max-snippet":"max-snippet:-1","max-image-preview":"max-image-preview:large","max-video-preview":"max-video-preview:-1"},"canonical":"https:\/\/fonds-risq.qc.ca\/produit\/atelier-de-formation-en-ligne-5-et-12-octobre-2023-analyse-des-entreprises-deconomie-sociale\/","og_locale":"en_US","og_type":"article","og_title":"Atelier de formation en ligne 5 et 12 octobre 2023 - Analyse des entreprises d'\u00e9conomie sociale ( - Fonds RISQ","og_url":"https:\/\/fonds-risq.qc.ca\/produit\/atelier-de-formation-en-ligne-5-et-12-octobre-2023-analyse-des-entreprises-deconomie-sociale\/","og_site_name":"Fonds RISQ","article_publisher":"https:\/\/www.facebook.com\/R%c3%a9seau-dinvestissement-social-du-Qu%c3%a9bec-1025562200821724\/?fref=ts","article_modified_time":"2023-09-27T16:43:55+00:00","og_image":[{"width":1245,"height":882,"url":"https:\/\/fonds-risq.qc.ca\/wp-content\/uploads\/2020\/01\/RISQ-01-site-web-promo.jpg","type":"image\/jpeg"}],"twitter_card":"summary_large_image","twitter_misc":{"Est. reading time":"1 minute"},"schema":{"@context":"https:\/\/schema.org","@graph":[{"@type":"WebPage","@id":"https:\/\/fonds-risq.qc.ca\/produit\/atelier-de-formation-en-ligne-5-et-12-octobre-2023-analyse-des-entreprises-deconomie-sociale\/","url":"https:\/\/fonds-risq.qc.ca\/produit\/atelier-de-formation-en-ligne-5-et-12-octobre-2023-analyse-des-entreprises-deconomie-sociale\/","name":"Atelier de formation en ligne 5 et 12 octobre 2023 - Analyse des entreprises d'\u00e9conomie sociale ( - Fonds RISQ","isPartOf":{"@id":"https:\/\/fonds-risq.qc.ca\/#website"},"primaryImageOfPage":{"@id":"https:\/\/fonds-risq.qc.ca\/produit\/atelier-de-formation-en-ligne-5-et-12-octobre-2023-analyse-des-entreprises-deconomie-sociale\/#primaryimage"},"image":{"@id":"https:\/\/fonds-risq.qc.ca\/produit\/atelier-de-formation-en-ligne-5-et-12-octobre-2023-analyse-des-entreprises-deconomie-sociale\/#primaryimage"},"thumbnailUrl":"https:\/\/fonds-risq.qc.ca\/wp-content\/uploads\/2020\/01\/RISQ-01-site-web-promo.jpg","datePublished":"2023-06-20T17:25:13+00:00","dateModified":"2023-09-27T16:43:55+00:00","breadcrumb":{"@id":"https:\/\/fonds-risq.qc.ca\/produit\/atelier-de-formation-en-ligne-5-et-12-octobre-2023-analyse-des-entreprises-deconomie-sociale\/#breadcrumb"},"inLanguage":"en-US","potentialAction":[{"@type":"ReadAction","target":["https:\/\/fonds-risq.qc.ca\/produit\/atelier-de-formation-en-ligne-5-et-12-octobre-2023-analyse-des-entreprises-deconomie-sociale\/"]}]},{"@type":"ImageObject","inLanguage":"en-US","@id":"https:\/\/fonds-risq.qc.ca\/produit\/atelier-de-formation-en-ligne-5-et-12-octobre-2023-analyse-des-entreprises-deconomie-sociale\/#primaryimage","url":"https:\/\/fonds-risq.qc.ca\/wp-content\/uploads\/2020\/01\/RISQ-01-site-web-promo.jpg","contentUrl":"https:\/\/fonds-risq.qc.ca\/wp-content\/uploads\/2020\/01\/RISQ-01-site-web-promo.jpg","width":1245,"height":882},{"@type":"BreadcrumbList","@id":"https:\/\/fonds-risq.qc.ca\/produit\/atelier-de-formation-en-ligne-5-et-12-octobre-2023-analyse-des-entreprises-deconomie-sociale\/#breadcrumb","itemListElement":[{"@type":"ListItem","position":1,"name":"Accueil","item":"https:\/\/fonds-risq.qc.ca\/en\/"},{"@type":"ListItem","position":2,"name":"Shop","item":"https:\/\/fonds-risq.qc.ca\/en\/shop\/"},{"@type":"ListItem","position":3,"name":"Atelier de formation en ligne 5 et 12 octobre 2023 &#8211; Analyse des entreprises d&rsquo;\u00e9conomie sociale ("}]},{"@type":"WebSite","@id":"https:\/\/fonds-risq.qc.ca\/#website","url":"https:\/\/fonds-risq.qc.ca\/","name":"Fonds RISQ","description":"R\u00e9seau d&#039;investissement social du Qu\u00e9bec","publisher":{"@id":"https:\/\/fonds-risq.qc.ca\/#organization"},"potentialAction":[{"@type":"SearchAction","target":{"@type":"EntryPoint","urlTemplate":"https:\/\/fonds-risq.qc.ca\/?s={search_term_string}"},"query-input":{"@type":"PropertyValueSpecification","valueRequired":true,"valueName":"search_term_string"}}],"inLanguage":"en-US"},{"@type":"Organization","@id":"https:\/\/fonds-risq.qc.ca\/#organization","name":"Fonds-RISQ","url":"https:\/\/fonds-risq.qc.ca\/","logo":{"@type":"ImageObject","inLanguage":"en-US","@id":"https:\/\/fonds-risq.qc.ca\/#\/schema\/logo\/image\/","url":"https:\/\/fonds-risq.qc.ca\/wp-content\/uploads\/2017\/03\/RISQ-RGB.png","contentUrl":"https:\/\/fonds-risq.qc.ca\/wp-content\/uploads\/2017\/03\/RISQ-RGB.png","width":542,"height":269,"caption":"Fonds-RISQ"},"image":{"@id":"https:\/\/fonds-risq.qc.ca\/#\/schema\/logo\/image\/"},"sameAs":["https:\/\/www.facebook.com\/R\u00e9seau-dinvestissement-social-du-Qu\u00e9bec-1025562200821724\/?fref=ts","https:\/\/www.linkedin.com\/company-beta\/2465762\/"]}]}},"_links":{"self":[{"href":"https:\/\/fonds-risq.qc.ca\/en\/wp-json\/wp\/v2\/product\/15908","targetHints":{"allow":["GET"]}}],"collection":[{"href":"https:\/\/fonds-risq.qc.ca\/en\/wp-json\/wp\/v2\/product"}],"about":[{"href":"https:\/\/fonds-risq.qc.ca\/en\/wp-json\/wp\/v2\/types\/product"}],"replies":[{"embeddable":true,"href":"https:\/\/fonds-risq.qc.ca\/en\/wp-json\/wp\/v2\/comments?post=15908"}],"wp:featuredmedia":[{"embeddable":true,"href":"https:\/\/fonds-risq.qc.ca\/en\/wp-json\/wp\/v2\/media\/9266"}],"wp:attachment":[{"href":"https:\/\/fonds-risq.qc.ca\/en\/wp-json\/wp\/v2\/media?parent=15908"}],"wp:term":[{"taxonomy":"product_brand","embeddable":true,"href":"https:\/\/fonds-risq.qc.ca\/en\/wp-json\/wp\/v2\/product_brand?post=15908"},{"taxonomy":"product_cat","embeddable":true,"href":"https:\/\/fonds-risq.qc.ca\/en\/wp-json\/wp\/v2\/product_cat?post=15908"},{"taxonomy":"product_tag","embeddable":true,"href":"https:\/\/fonds-risq.qc.ca\/en\/wp-json\/wp\/v2\/product_tag?post=15908"}],"curies":[{"name":"wp","href":"https:\/\/api.w.org\/{rel}","templated":true}]}}