{"id":5636,"date":"2017-06-08T13:42:03","date_gmt":"2017-06-08T17:42:03","guid":{"rendered":"https:\/\/fonds-risq.qc.ca\/product\/guide-for-analysis-of-social-economy-enterprises-2nd-edition\/"},"modified":"2018-04-27T09:02:32","modified_gmt":"2018-04-27T13:02:32","slug":"guide-for-analysis-of-social-economy-enterprises-2nd-edition","status":"publish","type":"product","link":"https:\/\/fonds-risq.qc.ca\/en\/produit\/guide-for-analysis-of-social-economy-enterprises-2nd-edition\/","title":{"rendered":"Guide for analysis of social economy enterprises, 2nd edition"},"content":{"rendered":"<p class=\"p1\"><span class=\"s1\">FORMAT :\u00a0Print<\/span><\/p>\n<p class=\"p1\"><span class=\"s1\">ISBN: 978-2-923253-02-2<\/span><\/p>\n<p class=\"p2\"><span class=\"s1\"><b>Pour les personnes qui ont fait l\u2019achat de la version imprim\u00e9e, t\u00e9l\u00e9chargez votre exemplaire sans frais avec votre code de t\u00e9l\u00e9chargement.<\/b><\/span><\/p>\n<p class=\"p3\"><span class=\"s2\">Con\u00e7u par les experts de la finance solidaire au Qu\u00e9bec, ce guide est l\u2019<b>outil de r\u00e9f\u00e9rence essentiel<\/b>\u00a0pour les accompagnateurs, analystes, universitaires, membres de comit\u00e9 de financement et gestionnaires de fonds ou de programmes qui \u0153uvrent aupr\u00e8s des\u00a0 entreprises d\u2019\u00e9conomie sociale. Unique en son genre, il\u00a0<b>pr\u00e9sente et analyse toutes les facettes et particularit\u00e9s<\/b>\u00a0propres \u00e0 ce type d\u2019entreprises. Il propose des\u00a0<b>outils et grilles pratiques<\/b>\u00a0facilitant l\u2019analyse et l\u2019\u00e9valuation, autant sociale qu\u2019\u00e9conomique, d\u2019une entreprise collective et d\u2019un projet d\u00e9pos\u00e9 aux fins de financement.<\/span><\/p>\n","protected":false},"excerpt":{"rendered":"<p class=\"p1\"><span class=\"s1\">FORMAT :\u00a0Print<\/span><\/p>\n<p class=\"p2\"><span class=\"s1\"><b>Pour les personnes qui ont fait l\u2019achat de la version imprim\u00e9e, t\u00e9l\u00e9chargez votre exemplaire sans frais avec votre code de t\u00e9l\u00e9chargement.<\/b><\/span><\/p>\n<p class=\"p2\"><span class=\"s1\">Con\u00e7u par les experts de la finance solidaire au Qu\u00e9bec, ce guide est l\u2019<b>outil de r\u00e9f\u00e9rence essentiel<\/b>\u00a0pour les accompagnateurs, analystes, universitaires, membres de comit\u00e9 de financement et gestionnaires de fonds ou de programmes qui \u0153uvrent aupr\u00e8s des\u00a0 entreprises d\u2019\u00e9conomie sociale. Unique en son genre, il\u00a0<b>pr\u00e9sente et analyse toutes les facettes et particularit\u00e9s<\/b>\u00a0propres \u00e0 ce type d\u2019entreprises. Il propose des\u00a0<b>outils et grilles pratiques<\/b>\u00a0facilitant l\u2019analyse et l\u2019\u00e9valuation, autant sociale qu\u2019\u00e9conomique, d\u2019une entreprise collective et d\u2019un projet d\u00e9pos\u00e9 aux fins de financement.<\/span><\/p>\n","protected":false},"featured_media":5301,"comment_status":"closed","ping_status":"closed","template":"","meta":{"inline_featured_image":false},"product_brand":[],"product_cat":[],"product_tag":[],"class_list":{"0":"post-5636","1":"product","2":"type-product","3":"status-publish","4":"has-post-thumbnail","6":"product_shipping_class-regular","8":"first","9":"instock","10":"taxable","11":"shipping-taxable","12":"purchasable","13":"product-type-variable"},"yoast_head":"<!-- This site is optimized with the Yoast SEO plugin v27.3 - https:\/\/yoast.com\/product\/yoast-seo-wordpress\/ -->\n<title>Guide for analysis of social economy enterprises, 2nd edition - Fonds RISQ<\/title>\n<meta name=\"robots\" content=\"index, follow, max-snippet:-1, max-image-preview:large, max-video-preview:-1\" \/>\n<link rel=\"canonical\" href=\"https:\/\/fonds-risq.qc.ca\/en\/produit\/guide-for-analysis-of-social-economy-enterprises-2nd-edition\/\" \/>\n<meta property=\"og:locale\" content=\"en_US\" \/>\n<meta property=\"og:type\" content=\"article\" \/>\n<meta property=\"og:title\" content=\"Guide for analysis of social economy enterprises, 2nd edition - Fonds RISQ\" \/>\n<meta property=\"og:description\" content=\"FORMAT :\u00a0Print Pour les personnes qui ont fait l\u2019achat de la version imprim\u00e9e, t\u00e9l\u00e9chargez votre exemplaire sans frais avec votre code de t\u00e9l\u00e9chargement. Con\u00e7u par les experts de la finance solidaire au Qu\u00e9bec, ce guide est l\u2019outil de r\u00e9f\u00e9rence essentiel\u00a0pour les accompagnateurs, analystes, universitaires, membres de comit\u00e9 de financement et gestionnaires de fonds ou de programmes qui \u0153uvrent aupr\u00e8s des\u00a0 entreprises d\u2019\u00e9conomie sociale. Unique en son genre, il\u00a0pr\u00e9sente et analyse toutes les facettes et particularit\u00e9s\u00a0propres \u00e0 ce type d\u2019entreprises. Il propose des\u00a0outils et grilles pratiques\u00a0facilitant l\u2019analyse et l\u2019\u00e9valuation, autant sociale qu\u2019\u00e9conomique, d\u2019une entreprise collective et d\u2019un projet d\u00e9pos\u00e9 aux fins de financement.\" \/>\n<meta property=\"og:url\" content=\"https:\/\/fonds-risq.qc.ca\/en\/produit\/guide-for-analysis-of-social-economy-enterprises-2nd-edition\/\" \/>\n<meta property=\"og:site_name\" content=\"Fonds RISQ\" \/>\n<meta property=\"article:publisher\" content=\"https:\/\/www.facebook.com\/R%c3%a9seau-dinvestissement-social-du-Qu%c3%a9bec-1025562200821724\/?fref=ts\" \/>\n<meta property=\"article:modified_time\" content=\"2018-04-27T13:02:32+00:00\" \/>\n<meta property=\"og:image\" content=\"https:\/\/fonds-risq.qc.ca\/wp-content\/uploads\/2018\/04\/CouvertureGuide-AN.jpg\" \/>\n\t<meta property=\"og:image:width\" content=\"558\" \/>\n\t<meta property=\"og:image:height\" content=\"718\" \/>\n\t<meta property=\"og:image:type\" content=\"image\/jpeg\" \/>\n<meta name=\"twitter:card\" content=\"summary_large_image\" \/>\n<meta name=\"twitter:label1\" content=\"Est. reading time\" \/>\n\t<meta name=\"twitter:data1\" content=\"1 minute\" \/>\n<script type=\"application\/ld+json\" class=\"yoast-schema-graph\">{\"@context\":\"https:\\\/\\\/schema.org\",\"@graph\":[{\"@type\":\"WebPage\",\"@id\":\"https:\\\/\\\/fonds-risq.qc.ca\\\/en\\\/produit\\\/guide-for-analysis-of-social-economy-enterprises-2nd-edition\\\/\",\"url\":\"https:\\\/\\\/fonds-risq.qc.ca\\\/en\\\/produit\\\/guide-for-analysis-of-social-economy-enterprises-2nd-edition\\\/\",\"name\":\"Guide for analysis of social economy enterprises, 2nd edition - Fonds RISQ\",\"isPartOf\":{\"@id\":\"https:\\\/\\\/fonds-risq.qc.ca\\\/#website\"},\"primaryImageOfPage\":{\"@id\":\"https:\\\/\\\/fonds-risq.qc.ca\\\/en\\\/produit\\\/guide-for-analysis-of-social-economy-enterprises-2nd-edition\\\/#primaryimage\"},\"image\":{\"@id\":\"https:\\\/\\\/fonds-risq.qc.ca\\\/en\\\/produit\\\/guide-for-analysis-of-social-economy-enterprises-2nd-edition\\\/#primaryimage\"},\"thumbnailUrl\":\"https:\\\/\\\/fonds-risq.qc.ca\\\/wp-content\\\/uploads\\\/2018\\\/04\\\/CouvertureGuide-AN.jpg\",\"datePublished\":\"2017-06-08T17:42:03+00:00\",\"dateModified\":\"2018-04-27T13:02:32+00:00\",\"breadcrumb\":{\"@id\":\"https:\\\/\\\/fonds-risq.qc.ca\\\/en\\\/produit\\\/guide-for-analysis-of-social-economy-enterprises-2nd-edition\\\/#breadcrumb\"},\"inLanguage\":\"en-US\",\"potentialAction\":[{\"@type\":\"ReadAction\",\"target\":[\"https:\\\/\\\/fonds-risq.qc.ca\\\/en\\\/produit\\\/guide-for-analysis-of-social-economy-enterprises-2nd-edition\\\/\"]}]},{\"@type\":\"ImageObject\",\"inLanguage\":\"en-US\",\"@id\":\"https:\\\/\\\/fonds-risq.qc.ca\\\/en\\\/produit\\\/guide-for-analysis-of-social-economy-enterprises-2nd-edition\\\/#primaryimage\",\"url\":\"https:\\\/\\\/fonds-risq.qc.ca\\\/wp-content\\\/uploads\\\/2018\\\/04\\\/CouvertureGuide-AN.jpg\",\"contentUrl\":\"https:\\\/\\\/fonds-risq.qc.ca\\\/wp-content\\\/uploads\\\/2018\\\/04\\\/CouvertureGuide-AN.jpg\",\"width\":558,\"height\":718},{\"@type\":\"BreadcrumbList\",\"@id\":\"https:\\\/\\\/fonds-risq.qc.ca\\\/en\\\/produit\\\/guide-for-analysis-of-social-economy-enterprises-2nd-edition\\\/#breadcrumb\",\"itemListElement\":[{\"@type\":\"ListItem\",\"position\":1,\"name\":\"Accueil\",\"item\":\"https:\\\/\\\/fonds-risq.qc.ca\\\/en\\\/\"},{\"@type\":\"ListItem\",\"position\":2,\"name\":\"Shop\",\"item\":\"https:\\\/\\\/fonds-risq.qc.ca\\\/en\\\/shop\\\/\"},{\"@type\":\"ListItem\",\"position\":3,\"name\":\"Guide for analysis of social economy enterprises, 2nd edition\"}]},{\"@type\":\"WebSite\",\"@id\":\"https:\\\/\\\/fonds-risq.qc.ca\\\/#website\",\"url\":\"https:\\\/\\\/fonds-risq.qc.ca\\\/\",\"name\":\"Fonds RISQ\",\"description\":\"R\u00e9seau d&#039;investissement social du Qu\u00e9bec\",\"publisher\":{\"@id\":\"https:\\\/\\\/fonds-risq.qc.ca\\\/#organization\"},\"potentialAction\":[{\"@type\":\"SearchAction\",\"target\":{\"@type\":\"EntryPoint\",\"urlTemplate\":\"https:\\\/\\\/fonds-risq.qc.ca\\\/?s={search_term_string}\"},\"query-input\":{\"@type\":\"PropertyValueSpecification\",\"valueRequired\":true,\"valueName\":\"search_term_string\"}}],\"inLanguage\":\"en-US\"},{\"@type\":\"Organization\",\"@id\":\"https:\\\/\\\/fonds-risq.qc.ca\\\/#organization\",\"name\":\"Fonds-RISQ\",\"url\":\"https:\\\/\\\/fonds-risq.qc.ca\\\/\",\"logo\":{\"@type\":\"ImageObject\",\"inLanguage\":\"en-US\",\"@id\":\"https:\\\/\\\/fonds-risq.qc.ca\\\/#\\\/schema\\\/logo\\\/image\\\/\",\"url\":\"https:\\\/\\\/fonds-risq.qc.ca\\\/wp-content\\\/uploads\\\/2017\\\/03\\\/RISQ-RGB.png\",\"contentUrl\":\"https:\\\/\\\/fonds-risq.qc.ca\\\/wp-content\\\/uploads\\\/2017\\\/03\\\/RISQ-RGB.png\",\"width\":542,\"height\":269,\"caption\":\"Fonds-RISQ\"},\"image\":{\"@id\":\"https:\\\/\\\/fonds-risq.qc.ca\\\/#\\\/schema\\\/logo\\\/image\\\/\"},\"sameAs\":[\"https:\\\/\\\/www.facebook.com\\\/R\u00e9seau-dinvestissement-social-du-Qu\u00e9bec-1025562200821724\\\/?fref=ts\",\"https:\\\/\\\/www.linkedin.com\\\/company-beta\\\/2465762\\\/\"]}]}<\/script>\n<!-- \/ Yoast SEO plugin. -->","yoast_head_json":{"title":"Guide for analysis of social economy enterprises, 2nd edition - Fonds RISQ","robots":{"index":"index","follow":"follow","max-snippet":"max-snippet:-1","max-image-preview":"max-image-preview:large","max-video-preview":"max-video-preview:-1"},"canonical":"https:\/\/fonds-risq.qc.ca\/en\/produit\/guide-for-analysis-of-social-economy-enterprises-2nd-edition\/","og_locale":"en_US","og_type":"article","og_title":"Guide for analysis of social economy enterprises, 2nd edition - Fonds RISQ","og_description":"FORMAT :\u00a0Print Pour les personnes qui ont fait l\u2019achat de la version imprim\u00e9e, t\u00e9l\u00e9chargez votre exemplaire sans frais avec votre code de t\u00e9l\u00e9chargement. Con\u00e7u par les experts de la finance solidaire au Qu\u00e9bec, ce guide est l\u2019outil de r\u00e9f\u00e9rence essentiel\u00a0pour les accompagnateurs, analystes, universitaires, membres de comit\u00e9 de financement et gestionnaires de fonds ou de programmes qui \u0153uvrent aupr\u00e8s des\u00a0 entreprises d\u2019\u00e9conomie sociale. Unique en son genre, il\u00a0pr\u00e9sente et analyse toutes les facettes et particularit\u00e9s\u00a0propres \u00e0 ce type d\u2019entreprises. Il propose des\u00a0outils et grilles pratiques\u00a0facilitant l\u2019analyse et l\u2019\u00e9valuation, autant sociale qu\u2019\u00e9conomique, d\u2019une entreprise collective et d\u2019un projet d\u00e9pos\u00e9 aux fins de financement.","og_url":"https:\/\/fonds-risq.qc.ca\/en\/produit\/guide-for-analysis-of-social-economy-enterprises-2nd-edition\/","og_site_name":"Fonds RISQ","article_publisher":"https:\/\/www.facebook.com\/R%c3%a9seau-dinvestissement-social-du-Qu%c3%a9bec-1025562200821724\/?fref=ts","article_modified_time":"2018-04-27T13:02:32+00:00","og_image":[{"width":558,"height":718,"url":"https:\/\/fonds-risq.qc.ca\/wp-content\/uploads\/2018\/04\/CouvertureGuide-AN.jpg","type":"image\/jpeg"}],"twitter_card":"summary_large_image","twitter_misc":{"Est. reading time":"1 minute"},"schema":{"@context":"https:\/\/schema.org","@graph":[{"@type":"WebPage","@id":"https:\/\/fonds-risq.qc.ca\/en\/produit\/guide-for-analysis-of-social-economy-enterprises-2nd-edition\/","url":"https:\/\/fonds-risq.qc.ca\/en\/produit\/guide-for-analysis-of-social-economy-enterprises-2nd-edition\/","name":"Guide for analysis of social economy enterprises, 2nd edition - Fonds RISQ","isPartOf":{"@id":"https:\/\/fonds-risq.qc.ca\/#website"},"primaryImageOfPage":{"@id":"https:\/\/fonds-risq.qc.ca\/en\/produit\/guide-for-analysis-of-social-economy-enterprises-2nd-edition\/#primaryimage"},"image":{"@id":"https:\/\/fonds-risq.qc.ca\/en\/produit\/guide-for-analysis-of-social-economy-enterprises-2nd-edition\/#primaryimage"},"thumbnailUrl":"https:\/\/fonds-risq.qc.ca\/wp-content\/uploads\/2018\/04\/CouvertureGuide-AN.jpg","datePublished":"2017-06-08T17:42:03+00:00","dateModified":"2018-04-27T13:02:32+00:00","breadcrumb":{"@id":"https:\/\/fonds-risq.qc.ca\/en\/produit\/guide-for-analysis-of-social-economy-enterprises-2nd-edition\/#breadcrumb"},"inLanguage":"en-US","potentialAction":[{"@type":"ReadAction","target":["https:\/\/fonds-risq.qc.ca\/en\/produit\/guide-for-analysis-of-social-economy-enterprises-2nd-edition\/"]}]},{"@type":"ImageObject","inLanguage":"en-US","@id":"https:\/\/fonds-risq.qc.ca\/en\/produit\/guide-for-analysis-of-social-economy-enterprises-2nd-edition\/#primaryimage","url":"https:\/\/fonds-risq.qc.ca\/wp-content\/uploads\/2018\/04\/CouvertureGuide-AN.jpg","contentUrl":"https:\/\/fonds-risq.qc.ca\/wp-content\/uploads\/2018\/04\/CouvertureGuide-AN.jpg","width":558,"height":718},{"@type":"BreadcrumbList","@id":"https:\/\/fonds-risq.qc.ca\/en\/produit\/guide-for-analysis-of-social-economy-enterprises-2nd-edition\/#breadcrumb","itemListElement":[{"@type":"ListItem","position":1,"name":"Accueil","item":"https:\/\/fonds-risq.qc.ca\/en\/"},{"@type":"ListItem","position":2,"name":"Shop","item":"https:\/\/fonds-risq.qc.ca\/en\/shop\/"},{"@type":"ListItem","position":3,"name":"Guide for analysis of social economy enterprises, 2nd edition"}]},{"@type":"WebSite","@id":"https:\/\/fonds-risq.qc.ca\/#website","url":"https:\/\/fonds-risq.qc.ca\/","name":"Fonds RISQ","description":"R\u00e9seau d&#039;investissement social du Qu\u00e9bec","publisher":{"@id":"https:\/\/fonds-risq.qc.ca\/#organization"},"potentialAction":[{"@type":"SearchAction","target":{"@type":"EntryPoint","urlTemplate":"https:\/\/fonds-risq.qc.ca\/?s={search_term_string}"},"query-input":{"@type":"PropertyValueSpecification","valueRequired":true,"valueName":"search_term_string"}}],"inLanguage":"en-US"},{"@type":"Organization","@id":"https:\/\/fonds-risq.qc.ca\/#organization","name":"Fonds-RISQ","url":"https:\/\/fonds-risq.qc.ca\/","logo":{"@type":"ImageObject","inLanguage":"en-US","@id":"https:\/\/fonds-risq.qc.ca\/#\/schema\/logo\/image\/","url":"https:\/\/fonds-risq.qc.ca\/wp-content\/uploads\/2017\/03\/RISQ-RGB.png","contentUrl":"https:\/\/fonds-risq.qc.ca\/wp-content\/uploads\/2017\/03\/RISQ-RGB.png","width":542,"height":269,"caption":"Fonds-RISQ"},"image":{"@id":"https:\/\/fonds-risq.qc.ca\/#\/schema\/logo\/image\/"},"sameAs":["https:\/\/www.facebook.com\/R\u00e9seau-dinvestissement-social-du-Qu\u00e9bec-1025562200821724\/?fref=ts","https:\/\/www.linkedin.com\/company-beta\/2465762\/"]}]}},"_links":{"self":[{"href":"https:\/\/fonds-risq.qc.ca\/en\/wp-json\/wp\/v2\/product\/5636","targetHints":{"allow":["GET"]}}],"collection":[{"href":"https:\/\/fonds-risq.qc.ca\/en\/wp-json\/wp\/v2\/product"}],"about":[{"href":"https:\/\/fonds-risq.qc.ca\/en\/wp-json\/wp\/v2\/types\/product"}],"replies":[{"embeddable":true,"href":"https:\/\/fonds-risq.qc.ca\/en\/wp-json\/wp\/v2\/comments?post=5636"}],"wp:featuredmedia":[{"embeddable":true,"href":"https:\/\/fonds-risq.qc.ca\/en\/wp-json\/wp\/v2\/media\/5301"}],"wp:attachment":[{"href":"https:\/\/fonds-risq.qc.ca\/en\/wp-json\/wp\/v2\/media?parent=5636"}],"wp:term":[{"taxonomy":"product_brand","embeddable":true,"href":"https:\/\/fonds-risq.qc.ca\/en\/wp-json\/wp\/v2\/product_brand?post=5636"},{"taxonomy":"product_cat","embeddable":true,"href":"https:\/\/fonds-risq.qc.ca\/en\/wp-json\/wp\/v2\/product_cat?post=5636"},{"taxonomy":"product_tag","embeddable":true,"href":"https:\/\/fonds-risq.qc.ca\/en\/wp-json\/wp\/v2\/product_tag?post=5636"}],"curies":[{"name":"wp","href":"https:\/\/api.w.org\/{rel}","templated":true}]}}